{"id":2330,"date":"2025-01-07T11:15:23","date_gmt":"2025-01-07T14:15:23","guid":{"rendered":"https:\/\/nenrikidojo.com.br\/site\/?page_id=2330"},"modified":"2025-03-01T22:32:04","modified_gmt":"2025-03-02T01:32:04","slug":"defesa-pessoal","status":"publish","type":"page","link":"https:\/\/nenrikidojo.com.br\/site\/defesa-pessoal\/","title":{"rendered":"Defesa pessoal"},"content":{"rendered":"\t\t<div data-elementor-type=\"wp-page\" data-elementor-id=\"2330\" class=\"elementor elementor-2330\" data-elementor-settings=\"{&quot;element_pack_global_tooltip_width&quot;:{&quot;unit&quot;:&quot;px&quot;,&quot;size&quot;:&quot;&quot;,&quot;sizes&quot;:[]},&quot;element_pack_global_tooltip_width_widescreen&quot;:{&quot;unit&quot;:&quot;px&quot;,&quot;size&quot;:&quot;&quot;,&quot;sizes&quot;:[]},&quot;element_pack_global_tooltip_width_laptop&quot;:{&quot;unit&quot;:&quot;px&quot;,&quot;size&quot;:&quot;&quot;,&quot;sizes&quot;:[]},&quot;element_pack_global_tooltip_width_tablet_extra&quot;:{&quot;unit&quot;:&quot;px&quot;,&quot;size&quot;:&quot;&quot;,&quot;sizes&quot;:[]},&quot;element_pack_global_tooltip_width_tablet&quot;:{&quot;unit&quot;:&quot;px&quot;,&quot;size&quot;:&quot;&quot;,&quot;sizes&quot;:[]},&quot;element_pack_global_tooltip_width_mobile&quot;:{&quot;unit&quot;:&quot;px&quot;,&quot;size&quot;:&quot;&quot;,&quot;sizes&quot;:[]},&quot;element_pack_global_tooltip_padding&quot;:{&quot;unit&quot;:&quot;px&quot;,&quot;top&quot;:&quot;&quot;,&quot;right&quot;:&quot;&quot;,&quot;bottom&quot;:&quot;&quot;,&quot;left&quot;:&quot;&quot;,&quot;isLinked&quot;:true},&quot;element_pack_global_tooltip_padding_widescreen&quot;:{&quot;unit&quot;:&quot;px&quot;,&quot;top&quot;:&quot;&quot;,&quot;right&quot;:&quot;&quot;,&quot;bottom&quot;:&quot;&quot;,&quot;left&quot;:&quot;&quot;,&quot;isLinked&quot;:true},&quot;element_pack_global_tooltip_padding_laptop&quot;:{&quot;unit&quot;:&quot;px&quot;,&quot;top&quot;:&quot;&quot;,&quot;right&quot;:&quot;&quot;,&quot;bottom&quot;:&quot;&quot;,&quot;left&quot;:&quot;&quot;,&quot;isLinked&quot;:true},&quot;element_pack_global_tooltip_padding_tablet_extra&quot;:{&quot;unit&quot;:&quot;px&quot;,&quot;top&quot;:&quot;&quot;,&quot;right&quot;:&quot;&quot;,&quot;bottom&quot;:&quot;&quot;,&quot;left&quot;:&quot;&quot;,&quot;isLinked&quot;:true},&quot;element_pack_global_tooltip_padding_tablet&quot;:{&quot;unit&quot;:&quot;px&quot;,&quot;top&quot;:&quot;&quot;,&quot;right&quot;:&quot;&quot;,&quot;bottom&quot;:&quot;&quot;,&quot;left&quot;:&quot;&quot;,&quot;isLinked&quot;:true},&quot;element_pack_global_tooltip_padding_mobile&quot;:{&quot;unit&quot;:&quot;px&quot;,&quot;top&quot;:&quot;&quot;,&quot;right&quot;:&quot;&quot;,&quot;bottom&quot;:&quot;&quot;,&quot;left&quot;:&quot;&quot;,&quot;isLinked&quot;:true},&quot;element_pack_global_tooltip_border_radius&quot;:{&quot;unit&quot;:&quot;px&quot;,&quot;top&quot;:&quot;&quot;,&quot;right&quot;:&quot;&quot;,&quot;bottom&quot;:&quot;&quot;,&quot;left&quot;:&quot;&quot;,&quot;isLinked&quot;:true},&quot;element_pack_global_tooltip_border_radius_widescreen&quot;:{&quot;unit&quot;:&quot;px&quot;,&quot;top&quot;:&quot;&quot;,&quot;right&quot;:&quot;&quot;,&quot;bottom&quot;:&quot;&quot;,&quot;left&quot;:&quot;&quot;,&quot;isLinked&quot;:true},&quot;element_pack_global_tooltip_border_radius_laptop&quot;:{&quot;unit&quot;:&quot;px&quot;,&quot;top&quot;:&quot;&quot;,&quot;right&quot;:&quot;&quot;,&quot;bottom&quot;:&quot;&quot;,&quot;left&quot;:&quot;&quot;,&quot;isLinked&quot;:true},&quot;element_pack_global_tooltip_border_radius_tablet_extra&quot;:{&quot;unit&quot;:&quot;px&quot;,&quot;top&quot;:&quot;&quot;,&quot;right&quot;:&quot;&quot;,&quot;bottom&quot;:&quot;&quot;,&quot;left&quot;:&quot;&quot;,&quot;isLinked&quot;:true},&quot;element_pack_global_tooltip_border_radius_tablet&quot;:{&quot;unit&quot;:&quot;px&quot;,&quot;top&quot;:&quot;&quot;,&quot;right&quot;:&quot;&quot;,&quot;bottom&quot;:&quot;&quot;,&quot;left&quot;:&quot;&quot;,&quot;isLinked&quot;:true},&quot;element_pack_global_tooltip_border_radius_mobile&quot;:{&quot;unit&quot;:&quot;px&quot;,&quot;top&quot;:&quot;&quot;,&quot;right&quot;:&quot;&quot;,&quot;bottom&quot;:&quot;&quot;,&quot;left&quot;:&quot;&quot;,&quot;isLinked&quot;:true}}\" data-elementor-post-type=\"page\">\n\t\t\t\t<div class=\"elementor-element elementor-element-6917930 e-con-full e-flex e-con e-parent\" data-id=\"6917930\" data-element_type=\"container\" data-e-type=\"container\" data-settings=\"{&quot;background_background&quot;:&quot;classic&quot;}\">\n\t\t<div class=\"elementor-element elementor-element-0a1be95 e-flex e-con-boxed e-con e-child\" data-id=\"0a1be95\" data-element_type=\"container\" data-e-type=\"container\">\n\t\t\t\t\t<div class=\"e-con-inner\">\n\t\t\t\t<div class=\"elementor-element elementor-element-06cc4c8 elementor-widget elementor-widget-image\" data-id=\"06cc4c8\" data-element_type=\"widget\" data-e-type=\"widget\" data-widget_type=\"image.default\">\n\t\t\t\t<div class=\"elementor-widget-container\">\n\t\t\t\t\t\t\t\t\t\t\t\t\t\t\t<img fetchpriority=\"high\" decoding=\"async\" width=\"671\" height=\"91\" src=\"https:\/\/nenrikidojo.com.br\/site\/wp-content\/uploads\/2025\/01\/Nenriki-Dojo-Defesa-pessoal.png\" class=\"attachment-large size-large wp-image-2332\" alt=\"\" srcset=\"https:\/\/nenrikidojo.com.br\/site\/wp-content\/uploads\/2025\/01\/Nenriki-Dojo-Defesa-pessoal.png 671w, https:\/\/nenrikidojo.com.br\/site\/wp-content\/uploads\/2025\/01\/Nenriki-Dojo-Defesa-pessoal-300x41.png 300w, https:\/\/nenrikidojo.com.br\/site\/wp-content\/uploads\/2025\/01\/Nenriki-Dojo-Defesa-pessoal-650x88.png 650w, https:\/\/nenrikidojo.com.br\/site\/wp-content\/uploads\/2025\/01\/Nenriki-Dojo-Defesa-pessoal-310x42.png 310w, https:\/\/nenrikidojo.com.br\/site\/wp-content\/uploads\/2025\/01\/Nenriki-Dojo-Defesa-pessoal-150x20.png 150w\" sizes=\"(max-width: 671px) 100vw, 671px\" \/>\t\t\t\t\t\t\t\t\t\t\t\t\t\t\t<\/div>\n\t\t\t\t<\/div>\n\t\t\t\t\t<\/div>\n\t\t\t\t<\/div>\n\t\t<div class=\"elementor-element elementor-element-80155e4 e-con-full e-flex e-con e-child\" data-id=\"80155e4\" data-element_type=\"container\" data-e-type=\"container\">\n\t\t<div class=\"elementor-element elementor-element-5ad47b2 e-grid e-con-full e-con e-child\" data-id=\"5ad47b2\" data-element_type=\"container\" data-e-type=\"container\">\n\t\t\t\t<div class=\"elementor-element elementor-element-b8312ed elementor-widget elementor-widget-image\" data-id=\"b8312ed\" data-element_type=\"widget\" data-e-type=\"widget\" data-widget_type=\"image.default\">\n\t\t\t\t<div class=\"elementor-widget-container\">\n\t\t\t\t\t\t\t\t\t\t\t\t\t\t\t<img decoding=\"async\" width=\"800\" height=\"534\" src=\"https:\/\/nenrikidojo.com.br\/site\/wp-content\/uploads\/2025\/03\/Nenriki-Dojo-31-1-1024x683.jpg\" class=\"attachment-large size-large wp-image-3900\" alt=\"\" srcset=\"https:\/\/nenrikidojo.com.br\/site\/wp-content\/uploads\/2025\/03\/Nenriki-Dojo-31-1-1024x683.jpg 1024w, https:\/\/nenrikidojo.com.br\/site\/wp-content\/uploads\/2025\/03\/Nenriki-Dojo-31-1-300x200.jpg 300w, https:\/\/nenrikidojo.com.br\/site\/wp-content\/uploads\/2025\/03\/Nenriki-Dojo-31-1-768x512.jpg 768w, https:\/\/nenrikidojo.com.br\/site\/wp-content\/uploads\/2025\/03\/Nenriki-Dojo-31-1-1536x1025.jpg 1536w, https:\/\/nenrikidojo.com.br\/site\/wp-content\/uploads\/2025\/03\/Nenriki-Dojo-31-1-2048x1367.jpg 2048w, https:\/\/nenrikidojo.com.br\/site\/wp-content\/uploads\/2025\/03\/Nenriki-Dojo-31-1-450x300.jpg 450w, https:\/\/nenrikidojo.com.br\/site\/wp-content\/uploads\/2025\/03\/Nenriki-Dojo-31-1-310x207.jpg 310w, https:\/\/nenrikidojo.com.br\/site\/wp-content\/uploads\/2025\/03\/Nenriki-Dojo-31-1-150x100.jpg 150w\" sizes=\"(max-width: 800px) 100vw, 800px\" \/>\t\t\t\t\t\t\t\t\t\t\t\t\t\t\t<\/div>\n\t\t\t\t<\/div>\n\t\t\t\t<div class=\"elementor-element elementor-element-bf8d255 elementor-widget elementor-widget-image\" data-id=\"bf8d255\" data-element_type=\"widget\" data-e-type=\"widget\" data-widget_type=\"image.default\">\n\t\t\t\t<div class=\"elementor-widget-container\">\n\t\t\t\t\t\t\t\t\t\t\t\t\t\t\t<img decoding=\"async\" width=\"800\" height=\"534\" src=\"https:\/\/nenrikidojo.com.br\/site\/wp-content\/uploads\/2025\/03\/Nenriki-Dojo-25-1024x683.jpg\" class=\"attachment-large size-large wp-image-3899\" alt=\"\" srcset=\"https:\/\/nenrikidojo.com.br\/site\/wp-content\/uploads\/2025\/03\/Nenriki-Dojo-25-1024x683.jpg 1024w, https:\/\/nenrikidojo.com.br\/site\/wp-content\/uploads\/2025\/03\/Nenriki-Dojo-25-300x200.jpg 300w, https:\/\/nenrikidojo.com.br\/site\/wp-content\/uploads\/2025\/03\/Nenriki-Dojo-25-768x512.jpg 768w, https:\/\/nenrikidojo.com.br\/site\/wp-content\/uploads\/2025\/03\/Nenriki-Dojo-25-1536x1025.jpg 1536w, https:\/\/nenrikidojo.com.br\/site\/wp-content\/uploads\/2025\/03\/Nenriki-Dojo-25-2048x1367.jpg 2048w, https:\/\/nenrikidojo.com.br\/site\/wp-content\/uploads\/2025\/03\/Nenriki-Dojo-25-450x300.jpg 450w, https:\/\/nenrikidojo.com.br\/site\/wp-content\/uploads\/2025\/03\/Nenriki-Dojo-25-310x207.jpg 310w, https:\/\/nenrikidojo.com.br\/site\/wp-content\/uploads\/2025\/03\/Nenriki-Dojo-25-150x100.jpg 150w\" sizes=\"(max-width: 800px) 100vw, 800px\" \/>\t\t\t\t\t\t\t\t\t\t\t\t\t\t\t<\/div>\n\t\t\t\t<\/div>\n\t\t\t\t<div class=\"elementor-element elementor-element-04d75dd elementor-widget elementor-widget-image\" data-id=\"04d75dd\" data-element_type=\"widget\" data-e-type=\"widget\" data-widget_type=\"image.default\">\n\t\t\t\t<div class=\"elementor-widget-container\">\n\t\t\t\t\t\t\t\t\t\t\t\t\t\t\t<img loading=\"lazy\" decoding=\"async\" width=\"800\" height=\"534\" src=\"https:\/\/nenrikidojo.com.br\/site\/wp-content\/uploads\/2025\/03\/Nenriki-Dojo-24-1024x683-1.jpg\" class=\"attachment-large size-large wp-image-3902\" alt=\"\" srcset=\"https:\/\/nenrikidojo.com.br\/site\/wp-content\/uploads\/2025\/03\/Nenriki-Dojo-24-1024x683-1.jpg 1024w, https:\/\/nenrikidojo.com.br\/site\/wp-content\/uploads\/2025\/03\/Nenriki-Dojo-24-1024x683-1-300x200.jpg 300w, https:\/\/nenrikidojo.com.br\/site\/wp-content\/uploads\/2025\/03\/Nenriki-Dojo-24-1024x683-1-768x512.jpg 768w, https:\/\/nenrikidojo.com.br\/site\/wp-content\/uploads\/2025\/03\/Nenriki-Dojo-24-1024x683-1-450x300.jpg 450w, https:\/\/nenrikidojo.com.br\/site\/wp-content\/uploads\/2025\/03\/Nenriki-Dojo-24-1024x683-1-310x207.jpg 310w, https:\/\/nenrikidojo.com.br\/site\/wp-content\/uploads\/2025\/03\/Nenriki-Dojo-24-1024x683-1-150x100.jpg 150w\" sizes=\"(max-width: 800px) 100vw, 800px\" \/>\t\t\t\t\t\t\t\t\t\t\t\t\t\t\t<\/div>\n\t\t\t\t<\/div>\n\t\t\t\t<\/div>\n\t\t\t\t<\/div>\n\t\t<div class=\"elementor-element elementor-element-81b3a2f e-con-full e-flex e-con e-child\" data-id=\"81b3a2f\" data-element_type=\"container\" data-e-type=\"container\">\n\t\t\t\t<div class=\"elementor-element elementor-element-ad20a3c elementor-widget elementor-widget-text-editor\" data-id=\"ad20a3c\" data-element_type=\"widget\" data-e-type=\"widget\" data-widget_type=\"text-editor.default\">\n\t\t\t\t<div class=\"elementor-widget-container\">\n\t\t\t\t\t\t\t\t\t<h5><span style=\"color: #000000;\"><strong>O Aikibudo Jujutsu \u00e9 um m\u00e9todo completo de autodefesa que se baseia na capacidade do aluno de responder de forma imediata e eficaz diante de uma agress\u00e3o. Nosso treinamento \u00e9 meticuloso, desenvolvendo habilidades enraizadas na estrutura f\u00edsica e mental do praticante. Analisamos detalhadamente a movimenta\u00e7\u00e3o natural do corpo, estimulamos o racioc\u00ednio l\u00f3gico, aprimoramos equil\u00edbrio, estabilidade e pot\u00eancia muscular, e refinamos a coordena\u00e7\u00e3o motora.<\/strong><\/span><\/h5><h5><span style=\"color: #000000;\"><strong>Nossos instrutores enfatizam o foco, direcionamento, velocidade, e a compreens\u00e3o da dist\u00e2ncia e do tempo de rea\u00e7\u00e3o. Abordamos amplamente posicionamento, t\u00e9cnicas de defesa, ataque e esquiva, al\u00e9m de explorar os principais pontos vitais do corpo e os fatores de risco envolvidos em situa\u00e7\u00f5es de confronto. O treinamento engloba t\u00e9cnicas de curto e longo alcance, antecipa\u00e7\u00e3o de ataques e defesa contra m\u00faltiplos agressores.<\/strong><\/span><\/h5><h5><span style=\"color: #000000;\"><strong>Nosso sistema possui diversas t\u00e9cnicas de solo, incluindo chaves de bra\u00e7o, imobiliza\u00e7\u00f5es e estrangulamentos, bem como a capacidade de mudar de dire\u00e7\u00e3o rapidamente e analisar as respostas do oponente.<\/strong><\/span><\/h5><h5><span style=\"color: #000000;\"><strong>No Aikibudo Jujutsu, o foco est\u00e1 no fortalecimento cont\u00ednuo da defesa pessoal como um m\u00e9todo verdadeiramente eficaz. Nossos alunos adquirem n\u00e3o apenas habilidades f\u00edsicas, mas tamb\u00e9m confian\u00e7a e compet\u00eancia em situa\u00e7\u00f5es de confronto.<\/strong><\/span><\/h5><h5><span style=\"color: #000000;\"><strong>Se voc\u00ea busca uma defesa pessoal realmente eficaz, o Aikibudo Jujutsu \u00e9 a escolha certa. Experimente e comprove os resultados!<\/strong><\/span><\/h5><h5><span style=\"color: #000000;\"><strong>Em um mundo onde a necessidade de autodefesa \u00e9 uma realidade, nossos treinamentos fazem toda a diferen\u00e7a. Adaptamos nosso ensino para que seja acess\u00edvel a todos, valorizando e enriquecendo o praticante com t\u00e9cnicas que podem ser aprendidas facilmente, mesmo por aqueles sem experi\u00eancia pr\u00e9via em artes marciais. O Aikibudo Jujutsu \u00e9 uma das melhores pr\u00e1ticas de defesa pessoal para civis e militares, combinando tradi\u00e7\u00e3o, seriedade e reconhecimento internacional com qualidade absoluta.<\/strong><\/span><\/h5><h5><span style=\"color: #000000;\"><strong>Diante do crescente cen\u00e1rio de viol\u00eancia e inseguran\u00e7a, cada vez mais pessoas procuram nossa escola em busca de uma solu\u00e7\u00e3o. Descubra, atrav\u00e9s do Aikibudo Jujutsu, uma forma simples e verdadeiramente eficaz de se preparar para as adversidades do dia a dia. Nossos m\u00e9todos de ensino s\u00e3o altamente focados na simplicidade e na prepara\u00e7\u00e3o para diversas situa\u00e7\u00f5es de confronto.<\/strong><\/span><\/h5><h5><span style=\"color: #000000;\"><strong>Treine conosco e tenha acesso aos melhores profissionais do Brasil, que garantem tradi\u00e7\u00e3o, seriedade, reconhecimento internacional e acima de tudo, qualidade absoluta!<\/strong><\/span><\/h5><div class=\"notranslate\" style=\"all: initial;\">\u00a0<\/div>\t\t\t\t\t\t\t\t<\/div>\n\t\t\t\t<\/div>\n\t\t\t\t<\/div>\n\t\t\t\t<\/div>\n\t\t\t\t<\/div>\n\t\t","protected":false},"excerpt":{"rendered":"<p>O Aikibudo Jujutsu \u00e9 um m\u00e9todo completo de autodefesa que se baseia na capacidade do aluno de responder de forma imediata e eficaz diante de uma agress\u00e3o. Nosso treinamento \u00e9 meticuloso, desenvolvendo habilidades enraizadas na estrutura f\u00edsica e mental do praticante. Analisamos detalhadamente a movimenta\u00e7\u00e3o natural do corpo, estimulamos o racioc\u00ednio l\u00f3gico, aprimoramos equil\u00edbrio, estabilidade [&hellip;]<\/p>\n","protected":false},"author":32,"featured_media":0,"parent":0,"menu_order":0,"comment_status":"closed","ping_status":"closed","template":"elementor_header_footer","meta":{"footnotes":""},"class_list":["post-2330","page","type-page","status-publish","hentry"],"yoast_head":"<!-- This site is optimized with the Yoast SEO Premium plugin v24.1 (Yoast SEO v27.5) - https:\/\/yoast.com\/product\/yoast-seo-premium-wordpress\/ -->\n<title>Defesa pessoal - Nenriki Dojo<\/title>\n<meta name=\"robots\" content=\"index, follow, max-snippet:-1, max-image-preview:large, max-video-preview:-1\" \/>\n<link rel=\"canonical\" href=\"https:\/\/nenrikidojo.com.br\/site\/defesa-pessoal\/\" \/>\n<meta property=\"og:locale\" content=\"pt_BR\" \/>\n<meta property=\"og:type\" content=\"article\" \/>\n<meta property=\"og:title\" content=\"Defesa pessoal\" \/>\n<meta property=\"og:description\" content=\"O Aikibudo Jujutsu \u00e9 um m\u00e9todo completo de autodefesa que se baseia na capacidade do aluno de responder de forma imediata e eficaz diante de uma agress\u00e3o. Nosso treinamento \u00e9 meticuloso, desenvolvendo habilidades enraizadas na estrutura f\u00edsica e mental do praticante. Analisamos detalhadamente a movimenta\u00e7\u00e3o natural do corpo, estimulamos o racioc\u00ednio l\u00f3gico, aprimoramos equil\u00edbrio, estabilidade [&hellip;]\" \/>\n<meta property=\"og:url\" content=\"https:\/\/nenrikidojo.com.br\/site\/defesa-pessoal\/\" \/>\n<meta property=\"og:site_name\" content=\"Nenriki Dojo\" \/>\n<meta property=\"article:publisher\" content=\"https:\/\/www.facebook.com\/nenrikidojo\/\" \/>\n<meta property=\"article:modified_time\" content=\"2025-03-02T01:32:04+00:00\" \/>\n<meta property=\"og:image\" content=\"http:\/\/nenrikidojo.com.br\/site\/wp-content\/uploads\/2025\/01\/Nenriki-Dojo-Defesa-pessoal.png\" \/>\n<meta name=\"twitter:card\" content=\"summary_large_image\" \/>\n<meta name=\"twitter:label1\" content=\"Est. tempo de leitura\" \/>\n\t<meta name=\"twitter:data1\" content=\"3 minutos\" \/>\n<script type=\"application\/ld+json\" class=\"yoast-schema-graph\">{\"@context\":\"https:\\\/\\\/schema.org\",\"@graph\":[{\"@type\":\"WebPage\",\"@id\":\"https:\\\/\\\/nenrikidojo.com.br\\\/site\\\/defesa-pessoal\\\/\",\"url\":\"https:\\\/\\\/nenrikidojo.com.br\\\/site\\\/defesa-pessoal\\\/\",\"name\":\"Defesa pessoal - Nenriki Dojo\",\"isPartOf\":{\"@id\":\"https:\\\/\\\/nenrikidojo.com.br\\\/site\\\/#website\"},\"primaryImageOfPage\":{\"@id\":\"https:\\\/\\\/nenrikidojo.com.br\\\/site\\\/defesa-pessoal\\\/#primaryimage\"},\"image\":{\"@id\":\"https:\\\/\\\/nenrikidojo.com.br\\\/site\\\/defesa-pessoal\\\/#primaryimage\"},\"thumbnailUrl\":\"http:\\\/\\\/nenrikidojo.com.br\\\/site\\\/wp-content\\\/uploads\\\/2025\\\/01\\\/Nenriki-Dojo-Defesa-pessoal.png\",\"datePublished\":\"2025-01-07T14:15:23+00:00\",\"dateModified\":\"2025-03-02T01:32:04+00:00\",\"breadcrumb\":{\"@id\":\"https:\\\/\\\/nenrikidojo.com.br\\\/site\\\/defesa-pessoal\\\/#breadcrumb\"},\"inLanguage\":\"pt-BR\",\"potentialAction\":[{\"@type\":\"ReadAction\",\"target\":[\"https:\\\/\\\/nenrikidojo.com.br\\\/site\\\/defesa-pessoal\\\/\"]}]},{\"@type\":\"ImageObject\",\"inLanguage\":\"pt-BR\",\"@id\":\"https:\\\/\\\/nenrikidojo.com.br\\\/site\\\/defesa-pessoal\\\/#primaryimage\",\"url\":\"https:\\\/\\\/nenrikidojo.com.br\\\/site\\\/wp-content\\\/uploads\\\/2025\\\/01\\\/Nenriki-Dojo-Defesa-pessoal.png\",\"contentUrl\":\"https:\\\/\\\/nenrikidojo.com.br\\\/site\\\/wp-content\\\/uploads\\\/2025\\\/01\\\/Nenriki-Dojo-Defesa-pessoal.png\",\"width\":671,\"height\":91},{\"@type\":\"BreadcrumbList\",\"@id\":\"https:\\\/\\\/nenrikidojo.com.br\\\/site\\\/defesa-pessoal\\\/#breadcrumb\",\"itemListElement\":[{\"@type\":\"ListItem\",\"position\":1,\"name\":\"In\u00edcio\",\"item\":\"https:\\\/\\\/nenrikidojo.com.br\\\/site\\\/\"},{\"@type\":\"ListItem\",\"position\":2,\"name\":\"Defesa pessoal\"}]},{\"@type\":\"WebSite\",\"@id\":\"https:\\\/\\\/nenrikidojo.com.br\\\/site\\\/#website\",\"url\":\"https:\\\/\\\/nenrikidojo.com.br\\\/site\\\/\",\"name\":\"NENRIKI DOJO - NINJUTSU - AIKIBUDO JUJUTSU - BUJINKAN - BILL SENSEI\",\"description\":\"ESCOLA TRADICIONAL DE NINJUTSU, ARTE MARCIAL NINJA, SAMURAI E DEFESA PESSOAL. RECONHECIMENTO INTERNACIONAL PELO JAP\u00c3O.\",\"publisher\":{\"@id\":\"https:\\\/\\\/nenrikidojo.com.br\\\/site\\\/#organization\"},\"alternateName\":\"Nenriki Dojo\",\"potentialAction\":[{\"@type\":\"SearchAction\",\"target\":{\"@type\":\"EntryPoint\",\"urlTemplate\":\"https:\\\/\\\/nenrikidojo.com.br\\\/site\\\/?s={search_term_string}\"},\"query-input\":{\"@type\":\"PropertyValueSpecification\",\"valueRequired\":true,\"valueName\":\"search_term_string\"}}],\"inLanguage\":\"pt-BR\"},{\"@type\":\"Organization\",\"@id\":\"https:\\\/\\\/nenrikidojo.com.br\\\/site\\\/#organization\",\"name\":\"NENRIKI DOJO - NINJUTSU - AIKIBUDO JUJUTSU - BUJINKAN - BILL SENSEI\",\"alternateName\":\"Nenriki Dojo\",\"url\":\"https:\\\/\\\/nenrikidojo.com.br\\\/site\\\/\",\"logo\":{\"@type\":\"ImageObject\",\"inLanguage\":\"pt-BR\",\"@id\":\"https:\\\/\\\/nenrikidojo.com.br\\\/site\\\/#\\\/schema\\\/logo\\\/image\\\/\",\"url\":\"https:\\\/\\\/nenrikidojo.com.br\\\/site\\\/wp-content\\\/uploads\\\/2025\\\/01\\\/Logo-Nenriki-Dojo-Colorido.png\",\"contentUrl\":\"https:\\\/\\\/nenrikidojo.com.br\\\/site\\\/wp-content\\\/uploads\\\/2025\\\/01\\\/Logo-Nenriki-Dojo-Colorido.png\",\"width\":2108,\"height\":1989,\"caption\":\"NENRIKI DOJO - NINJUTSU - AIKIBUDO JUJUTSU - BUJINKAN - BILL SENSEI\"},\"image\":{\"@id\":\"https:\\\/\\\/nenrikidojo.com.br\\\/site\\\/#\\\/schema\\\/logo\\\/image\\\/\"},\"sameAs\":[\"https:\\\/\\\/www.facebook.com\\\/nenrikidojo\\\/\",\"https:\\\/\\\/www.instagram.com\\\/nenrikidojo\\\/\",\"https:\\\/\\\/www.youtube.com\\\/c\\\/NenrikiDojo\"],\"description\":\"A Nenriki Dojo \u00e9 uma Escola de renome no cen\u00e1rio das artes marciais, especialmente no que diz respeito \u00e0s tradi\u00e7\u00f5es Ninja e Samurai no Brasil. Nosso compromisso primordial \u00e9 preservar, difundir e cultivar a rica cultura japonesa presente no Bugei e no Budo em sua forma mais aut\u00eantica e s\u00f3lida.\",\"email\":\"contato@nenrikidojo.com.br\",\"telephone\":\"11933207474\",\"legalName\":\"Nenriki Dojo\",\"foundingDate\":\"1995-05-03\"}]}<\/script>\n<!-- \/ Yoast SEO Premium plugin. -->","yoast_head_json":{"title":"Defesa pessoal - Nenriki Dojo","robots":{"index":"index","follow":"follow","max-snippet":"max-snippet:-1","max-image-preview":"max-image-preview:large","max-video-preview":"max-video-preview:-1"},"canonical":"https:\/\/nenrikidojo.com.br\/site\/defesa-pessoal\/","og_locale":"pt_BR","og_type":"article","og_title":"Defesa pessoal","og_description":"O Aikibudo Jujutsu \u00e9 um m\u00e9todo completo de autodefesa que se baseia na capacidade do aluno de responder de forma imediata e eficaz diante de uma agress\u00e3o. Nosso treinamento \u00e9 meticuloso, desenvolvendo habilidades enraizadas na estrutura f\u00edsica e mental do praticante. Analisamos detalhadamente a movimenta\u00e7\u00e3o natural do corpo, estimulamos o racioc\u00ednio l\u00f3gico, aprimoramos equil\u00edbrio, estabilidade [&hellip;]","og_url":"https:\/\/nenrikidojo.com.br\/site\/defesa-pessoal\/","og_site_name":"Nenriki Dojo","article_publisher":"https:\/\/www.facebook.com\/nenrikidojo\/","article_modified_time":"2025-03-02T01:32:04+00:00","og_image":[{"url":"http:\/\/nenrikidojo.com.br\/site\/wp-content\/uploads\/2025\/01\/Nenriki-Dojo-Defesa-pessoal.png","type":"","width":"","height":""}],"twitter_card":"summary_large_image","twitter_misc":{"Est. tempo de leitura":"3 minutos"},"schema":{"@context":"https:\/\/schema.org","@graph":[{"@type":"WebPage","@id":"https:\/\/nenrikidojo.com.br\/site\/defesa-pessoal\/","url":"https:\/\/nenrikidojo.com.br\/site\/defesa-pessoal\/","name":"Defesa pessoal - Nenriki Dojo","isPartOf":{"@id":"https:\/\/nenrikidojo.com.br\/site\/#website"},"primaryImageOfPage":{"@id":"https:\/\/nenrikidojo.com.br\/site\/defesa-pessoal\/#primaryimage"},"image":{"@id":"https:\/\/nenrikidojo.com.br\/site\/defesa-pessoal\/#primaryimage"},"thumbnailUrl":"http:\/\/nenrikidojo.com.br\/site\/wp-content\/uploads\/2025\/01\/Nenriki-Dojo-Defesa-pessoal.png","datePublished":"2025-01-07T14:15:23+00:00","dateModified":"2025-03-02T01:32:04+00:00","breadcrumb":{"@id":"https:\/\/nenrikidojo.com.br\/site\/defesa-pessoal\/#breadcrumb"},"inLanguage":"pt-BR","potentialAction":[{"@type":"ReadAction","target":["https:\/\/nenrikidojo.com.br\/site\/defesa-pessoal\/"]}]},{"@type":"ImageObject","inLanguage":"pt-BR","@id":"https:\/\/nenrikidojo.com.br\/site\/defesa-pessoal\/#primaryimage","url":"https:\/\/nenrikidojo.com.br\/site\/wp-content\/uploads\/2025\/01\/Nenriki-Dojo-Defesa-pessoal.png","contentUrl":"https:\/\/nenrikidojo.com.br\/site\/wp-content\/uploads\/2025\/01\/Nenriki-Dojo-Defesa-pessoal.png","width":671,"height":91},{"@type":"BreadcrumbList","@id":"https:\/\/nenrikidojo.com.br\/site\/defesa-pessoal\/#breadcrumb","itemListElement":[{"@type":"ListItem","position":1,"name":"In\u00edcio","item":"https:\/\/nenrikidojo.com.br\/site\/"},{"@type":"ListItem","position":2,"name":"Defesa pessoal"}]},{"@type":"WebSite","@id":"https:\/\/nenrikidojo.com.br\/site\/#website","url":"https:\/\/nenrikidojo.com.br\/site\/","name":"NENRIKI DOJO - NINJUTSU - AIKIBUDO JUJUTSU - BUJINKAN - BILL SENSEI","description":"ESCOLA TRADICIONAL DE NINJUTSU, ARTE MARCIAL NINJA, SAMURAI E DEFESA PESSOAL. RECONHECIMENTO INTERNACIONAL PELO JAP\u00c3O.","publisher":{"@id":"https:\/\/nenrikidojo.com.br\/site\/#organization"},"alternateName":"Nenriki Dojo","potentialAction":[{"@type":"SearchAction","target":{"@type":"EntryPoint","urlTemplate":"https:\/\/nenrikidojo.com.br\/site\/?s={search_term_string}"},"query-input":{"@type":"PropertyValueSpecification","valueRequired":true,"valueName":"search_term_string"}}],"inLanguage":"pt-BR"},{"@type":"Organization","@id":"https:\/\/nenrikidojo.com.br\/site\/#organization","name":"NENRIKI DOJO - NINJUTSU - AIKIBUDO JUJUTSU - BUJINKAN - BILL SENSEI","alternateName":"Nenriki Dojo","url":"https:\/\/nenrikidojo.com.br\/site\/","logo":{"@type":"ImageObject","inLanguage":"pt-BR","@id":"https:\/\/nenrikidojo.com.br\/site\/#\/schema\/logo\/image\/","url":"https:\/\/nenrikidojo.com.br\/site\/wp-content\/uploads\/2025\/01\/Logo-Nenriki-Dojo-Colorido.png","contentUrl":"https:\/\/nenrikidojo.com.br\/site\/wp-content\/uploads\/2025\/01\/Logo-Nenriki-Dojo-Colorido.png","width":2108,"height":1989,"caption":"NENRIKI DOJO - NINJUTSU - AIKIBUDO JUJUTSU - BUJINKAN - BILL SENSEI"},"image":{"@id":"https:\/\/nenrikidojo.com.br\/site\/#\/schema\/logo\/image\/"},"sameAs":["https:\/\/www.facebook.com\/nenrikidojo\/","https:\/\/www.instagram.com\/nenrikidojo\/","https:\/\/www.youtube.com\/c\/NenrikiDojo"],"description":"A Nenriki Dojo \u00e9 uma Escola de renome no cen\u00e1rio das artes marciais, especialmente no que diz respeito \u00e0s tradi\u00e7\u00f5es Ninja e Samurai no Brasil. Nosso compromisso primordial \u00e9 preservar, difundir e cultivar a rica cultura japonesa presente no Bugei e no Budo em sua forma mais aut\u00eantica e s\u00f3lida.","email":"contato@nenrikidojo.com.br","telephone":"11933207474","legalName":"Nenriki Dojo","foundingDate":"1995-05-03"}]}},"_links":{"self":[{"href":"https:\/\/nenrikidojo.com.br\/site\/wp-json\/wp\/v2\/pages\/2330","targetHints":{"allow":["GET"]}}],"collection":[{"href":"https:\/\/nenrikidojo.com.br\/site\/wp-json\/wp\/v2\/pages"}],"about":[{"href":"https:\/\/nenrikidojo.com.br\/site\/wp-json\/wp\/v2\/types\/page"}],"author":[{"embeddable":true,"href":"https:\/\/nenrikidojo.com.br\/site\/wp-json\/wp\/v2\/users\/32"}],"replies":[{"embeddable":true,"href":"https:\/\/nenrikidojo.com.br\/site\/wp-json\/wp\/v2\/comments?post=2330"}],"version-history":[{"count":5,"href":"https:\/\/nenrikidojo.com.br\/site\/wp-json\/wp\/v2\/pages\/2330\/revisions"}],"predecessor-version":[{"id":3905,"href":"https:\/\/nenrikidojo.com.br\/site\/wp-json\/wp\/v2\/pages\/2330\/revisions\/3905"}],"wp:attachment":[{"href":"https:\/\/nenrikidojo.com.br\/site\/wp-json\/wp\/v2\/media?parent=2330"}],"curies":[{"name":"wp","href":"https:\/\/api.w.org\/{rel}","templated":true}]}}