{"id":2387,"date":"2025-01-07T11:33:16","date_gmt":"2025-01-07T14:33:16","guid":{"rendered":"https:\/\/nenrikidojo.com.br\/site\/?page_id=2387"},"modified":"2025-11-29T18:22:08","modified_gmt":"2025-11-29T21:22:08","slug":"fale-conosco","status":"publish","type":"page","link":"https:\/\/nenrikidojo.com.br\/site\/fale-conosco\/","title":{"rendered":"Fale conosco"},"content":{"rendered":"\t\t<div data-elementor-type=\"wp-page\" data-elementor-id=\"2387\" class=\"elementor elementor-2387\" data-elementor-settings=\"{&quot;element_pack_global_tooltip_width&quot;:{&quot;unit&quot;:&quot;px&quot;,&quot;size&quot;:&quot;&quot;,&quot;sizes&quot;:[]},&quot;element_pack_global_tooltip_width_widescreen&quot;:{&quot;unit&quot;:&quot;px&quot;,&quot;size&quot;:&quot;&quot;,&quot;sizes&quot;:[]},&quot;element_pack_global_tooltip_width_laptop&quot;:{&quot;unit&quot;:&quot;px&quot;,&quot;size&quot;:&quot;&quot;,&quot;sizes&quot;:[]},&quot;element_pack_global_tooltip_width_tablet_extra&quot;:{&quot;unit&quot;:&quot;px&quot;,&quot;size&quot;:&quot;&quot;,&quot;sizes&quot;:[]},&quot;element_pack_global_tooltip_width_tablet&quot;:{&quot;unit&quot;:&quot;px&quot;,&quot;size&quot;:&quot;&quot;,&quot;sizes&quot;:[]},&quot;element_pack_global_tooltip_width_mobile&quot;:{&quot;unit&quot;:&quot;px&quot;,&quot;size&quot;:&quot;&quot;,&quot;sizes&quot;:[]},&quot;element_pack_global_tooltip_padding&quot;:{&quot;unit&quot;:&quot;px&quot;,&quot;top&quot;:&quot;&quot;,&quot;right&quot;:&quot;&quot;,&quot;bottom&quot;:&quot;&quot;,&quot;left&quot;:&quot;&quot;,&quot;isLinked&quot;:true},&quot;element_pack_global_tooltip_padding_widescreen&quot;:{&quot;unit&quot;:&quot;px&quot;,&quot;top&quot;:&quot;&quot;,&quot;right&quot;:&quot;&quot;,&quot;bottom&quot;:&quot;&quot;,&quot;left&quot;:&quot;&quot;,&quot;isLinked&quot;:true},&quot;element_pack_global_tooltip_padding_laptop&quot;:{&quot;unit&quot;:&quot;px&quot;,&quot;top&quot;:&quot;&quot;,&quot;right&quot;:&quot;&quot;,&quot;bottom&quot;:&quot;&quot;,&quot;left&quot;:&quot;&quot;,&quot;isLinked&quot;:true},&quot;element_pack_global_tooltip_padding_tablet_extra&quot;:{&quot;unit&quot;:&quot;px&quot;,&quot;top&quot;:&quot;&quot;,&quot;right&quot;:&quot;&quot;,&quot;bottom&quot;:&quot;&quot;,&quot;left&quot;:&quot;&quot;,&quot;isLinked&quot;:true},&quot;element_pack_global_tooltip_padding_tablet&quot;:{&quot;unit&quot;:&quot;px&quot;,&quot;top&quot;:&quot;&quot;,&quot;right&quot;:&quot;&quot;,&quot;bottom&quot;:&quot;&quot;,&quot;left&quot;:&quot;&quot;,&quot;isLinked&quot;:true},&quot;element_pack_global_tooltip_padding_mobile&quot;:{&quot;unit&quot;:&quot;px&quot;,&quot;top&quot;:&quot;&quot;,&quot;right&quot;:&quot;&quot;,&quot;bottom&quot;:&quot;&quot;,&quot;left&quot;:&quot;&quot;,&quot;isLinked&quot;:true},&quot;element_pack_global_tooltip_border_radius&quot;:{&quot;unit&quot;:&quot;px&quot;,&quot;top&quot;:&quot;&quot;,&quot;right&quot;:&quot;&quot;,&quot;bottom&quot;:&quot;&quot;,&quot;left&quot;:&quot;&quot;,&quot;isLinked&quot;:true},&quot;element_pack_global_tooltip_border_radius_widescreen&quot;:{&quot;unit&quot;:&quot;px&quot;,&quot;top&quot;:&quot;&quot;,&quot;right&quot;:&quot;&quot;,&quot;bottom&quot;:&quot;&quot;,&quot;left&quot;:&quot;&quot;,&quot;isLinked&quot;:true},&quot;element_pack_global_tooltip_border_radius_laptop&quot;:{&quot;unit&quot;:&quot;px&quot;,&quot;top&quot;:&quot;&quot;,&quot;right&quot;:&quot;&quot;,&quot;bottom&quot;:&quot;&quot;,&quot;left&quot;:&quot;&quot;,&quot;isLinked&quot;:true},&quot;element_pack_global_tooltip_border_radius_tablet_extra&quot;:{&quot;unit&quot;:&quot;px&quot;,&quot;top&quot;:&quot;&quot;,&quot;right&quot;:&quot;&quot;,&quot;bottom&quot;:&quot;&quot;,&quot;left&quot;:&quot;&quot;,&quot;isLinked&quot;:true},&quot;element_pack_global_tooltip_border_radius_tablet&quot;:{&quot;unit&quot;:&quot;px&quot;,&quot;top&quot;:&quot;&quot;,&quot;right&quot;:&quot;&quot;,&quot;bottom&quot;:&quot;&quot;,&quot;left&quot;:&quot;&quot;,&quot;isLinked&quot;:true},&quot;element_pack_global_tooltip_border_radius_mobile&quot;:{&quot;unit&quot;:&quot;px&quot;,&quot;top&quot;:&quot;&quot;,&quot;right&quot;:&quot;&quot;,&quot;bottom&quot;:&quot;&quot;,&quot;left&quot;:&quot;&quot;,&quot;isLinked&quot;:true}}\" data-elementor-post-type=\"page\">\n\t\t\t\t<div class=\"elementor-element elementor-element-26569c1 e-flex e-con-boxed e-con e-parent\" data-id=\"26569c1\" data-element_type=\"container\" data-e-type=\"container\">\n\t\t\t\t\t<div class=\"e-con-inner\">\n\t\t\t\t<div class=\"elementor-element elementor-element-d887ae5 elementor-widget elementor-widget-image\" data-id=\"d887ae5\" data-element_type=\"widget\" data-e-type=\"widget\" data-widget_type=\"image.default\">\n\t\t\t\t<div class=\"elementor-widget-container\">\n\t\t\t\t\t\t\t\t\t\t\t\t\t\t\t<img fetchpriority=\"high\" decoding=\"async\" width=\"671\" height=\"91\" src=\"https:\/\/nenrikidojo.com.br\/site\/wp-content\/uploads\/2025\/01\/Nenriki-Dojo-Formulario-de-contato.png\" class=\"attachment-large size-large wp-image-2389\" alt=\"\" srcset=\"https:\/\/nenrikidojo.com.br\/site\/wp-content\/uploads\/2025\/01\/Nenriki-Dojo-Formulario-de-contato.png 671w, https:\/\/nenrikidojo.com.br\/site\/wp-content\/uploads\/2025\/01\/Nenriki-Dojo-Formulario-de-contato-300x41.png 300w, https:\/\/nenrikidojo.com.br\/site\/wp-content\/uploads\/2025\/01\/Nenriki-Dojo-Formulario-de-contato-650x88.png 650w, https:\/\/nenrikidojo.com.br\/site\/wp-content\/uploads\/2025\/01\/Nenriki-Dojo-Formulario-de-contato-310x42.png 310w, https:\/\/nenrikidojo.com.br\/site\/wp-content\/uploads\/2025\/01\/Nenriki-Dojo-Formulario-de-contato-150x20.png 150w\" sizes=\"(max-width: 671px) 100vw, 671px\" \/>\t\t\t\t\t\t\t\t\t\t\t\t\t\t\t<\/div>\n\t\t\t\t<\/div>\n\t\t\t\t\t<\/div>\n\t\t\t\t<\/div>\n\t\t<div class=\"elementor-element elementor-element-31d4ffd e-flex e-con-boxed e-con e-parent\" data-id=\"31d4ffd\" data-element_type=\"container\" data-e-type=\"container\">\n\t\t\t\t\t<div class=\"e-con-inner\">\n\t\t\t\t<div class=\"elementor-element elementor-element-99eef01 elementor-widget elementor-widget-text-editor\" data-id=\"99eef01\" data-element_type=\"widget\" data-e-type=\"widget\" data-widget_type=\"text-editor.default\">\n\t\t\t\t<div class=\"elementor-widget-container\">\n\t\t\t\t\t\t\t\t\t<p><strong>Para entrar em contato conosco, preencha os campos abaixo e envie o seu e-mail.<\/strong><\/p><p><strong>Voc\u00ea tamb\u00e9m pode enviar uma mensagem para o nosso <span style=\"color: #0000ff;\"><a style=\"color: #0000ff;\" href=\"https:\/\/api.whatsapp.com\/send?l=pt&amp;phone=5511933207474\">WhatsApp<\/a>.<\/span><\/strong><\/p><p><strong>Caso deseje participar de uma aula conosco, basta comparecer em nossa Escola nos dias e hor\u00e1rios informados neste link:<\/strong> <span style=\"color: #0000ff;\"><a style=\"color: #0000ff;\" href=\"https:\/\/nenrikidojo.com.br\/site\/nossos-horarios\/\"><strong>Hor\u00e1rios de aula.<\/strong><\/a><\/span><\/p>\t\t\t\t\t\t\t\t<\/div>\n\t\t\t\t<\/div>\n\t\t\t\t\t<\/div>\n\t\t\t\t<\/div>\n\t\t<div class=\"elementor-element elementor-element-9b2a19d e-con-full e-flex e-con e-parent\" data-id=\"9b2a19d\" data-element_type=\"container\" data-e-type=\"container\" data-settings=\"{&quot;background_background&quot;:&quot;classic&quot;}\">\n\t\t\t\t<div class=\"elementor-element elementor-element-160d836 elementor-button-align-center elementor-widget elementor-widget-form\" data-id=\"160d836\" data-element_type=\"widget\" data-e-type=\"widget\" data-settings=\"{&quot;step_next_label&quot;:&quot;Pr\\u00f3ximo&quot;,&quot;step_previous_label&quot;:&quot;Anterior&quot;,&quot;step_type&quot;:&quot;number_text&quot;,&quot;step_icon_shape&quot;:&quot;circle&quot;}\" data-widget_type=\"form.default\">\n\t\t\t\t<div class=\"elementor-widget-container\">\n\t\t\t\t\t\t\t<form class=\"elementor-form\" method=\"post\" name=\"Formul\u00e1rio de contato\" aria-label=\"Formul\u00e1rio de contato\">\n\t\t\t<input type=\"hidden\" name=\"post_id\" value=\"2387\"\/>\n\t\t\t<input type=\"hidden\" name=\"form_id\" value=\"160d836\"\/>\n\t\t\t<input type=\"hidden\" name=\"referer_title\" value=\"Fale conosco - Nenriki Dojo\" \/>\n\n\t\t\t\t\t\t\t<input type=\"hidden\" name=\"queried_id\" value=\"2387\"\/>\n\t\t\t\n\t\t\t<div class=\"elementor-form-fields-wrapper elementor-labels-above\">\n\t\t\t\t\t\t\t\t<div class=\"elementor-field-type-text elementor-field-group elementor-column elementor-field-group-nome elementor-col-50 elementor-field-required elementor-mark-required\">\n\t\t\t\t\t\t\t\t\t\t\t\t<label for=\"form-field-nome\" class=\"elementor-field-label\">\n\t\t\t\t\t\t\t\tNome\t\t\t\t\t\t\t<\/label>\n\t\t\t\t\t\t\t\t\t\t\t\t\t\t<input size=\"1\" type=\"text\" name=\"form_fields[nome]\" id=\"form-field-nome\" class=\"elementor-field elementor-size-md  elementor-field-textual\" required=\"required\">\n\t\t\t\t\t\t\t\t\t\t\t<\/div>\n\t\t\t\t\t\t\t\t<div class=\"elementor-field-type-email elementor-field-group elementor-column elementor-field-group-email elementor-col-50 elementor-field-required elementor-mark-required\">\n\t\t\t\t\t\t\t\t\t\t\t\t<label for=\"form-field-email\" class=\"elementor-field-label\">\n\t\t\t\t\t\t\t\tE-mail\t\t\t\t\t\t\t<\/label>\n\t\t\t\t\t\t\t\t\t\t\t\t\t\t<input size=\"1\" type=\"email\" name=\"form_fields[email]\" id=\"form-field-email\" class=\"elementor-field elementor-size-md  elementor-field-textual\" required=\"required\">\n\t\t\t\t\t\t\t\t\t\t\t<\/div>\n\t\t\t\t\t\t\t\t<div class=\"elementor-field-type-text elementor-field-group elementor-column elementor-field-group-telefone elementor-col-30\">\n\t\t\t\t\t\t\t\t\t\t\t\t<label for=\"form-field-telefone\" class=\"elementor-field-label\">\n\t\t\t\t\t\t\t\tTelefone\t\t\t\t\t\t\t<\/label>\n\t\t\t\t\t\t\t\t\t\t\t\t\t\t<input size=\"1\" type=\"text\" name=\"form_fields[telefone]\" id=\"form-field-telefone\" class=\"elementor-field elementor-size-md  elementor-field-textual\">\n\t\t\t\t\t\t\t\t\t\t\t<\/div>\n\t\t\t\t\t\t\t\t<div class=\"elementor-field-type-select elementor-field-group elementor-column elementor-field-group-assunto elementor-col-70 elementor-field-required elementor-mark-required\">\n\t\t\t\t\t\t\t\t\t\t\t\t<label for=\"form-field-assunto\" class=\"elementor-field-label\">\n\t\t\t\t\t\t\t\tAssunto\t\t\t\t\t\t\t<\/label>\n\t\t\t\t\t\t\t\t<div class=\"elementor-field elementor-select-wrapper remove-before \">\n\t\t\t<div class=\"select-caret-down-wrapper\">\n\t\t\t\t<svg aria-hidden=\"true\" class=\"e-font-icon-svg e-eicon-caret-down\" viewBox=\"0 0 571.4 571.4\" xmlns=\"http:\/\/www.w3.org\/2000\/svg\"><path d=\"M571 393Q571 407 561 418L311 668Q300 679 286 679T261 668L11 418Q0 407 0 393T11 368 36 357H536Q550 357 561 368T571 393Z\"><\/path><\/svg>\t\t\t<\/div>\n\t\t\t<select name=\"form_fields[assunto]\" id=\"form-field-assunto\" class=\"elementor-field-textual elementor-size-md\" required=\"required\">\n\t\t\t\t\t\t\t\t\t<option value=\"Aulas de Aikibudo Jujutsu\">Aulas de Aikibudo Jujutsu<\/option>\n\t\t\t\t\t\t\t\t\t<option value=\"Aulas de Ninjutsu\">Aulas de Ninjutsu<\/option>\n\t\t\t\t\t\t\t\t\t<option value=\"Agendar aula experimental\">Agendar aula experimental<\/option>\n\t\t\t\t\t\t\t\t\t<option value=\"Curso de Defesa Pessoal\">Curso de Defesa Pessoal<\/option>\n\t\t\t\t\t\t\t\t\t<option value=\"Outras informa\u00e7\u00f5es\">Outras informa\u00e7\u00f5es<\/option>\n\t\t\t\t\t\t\t<\/select>\n\t\t<\/div>\n\t\t\t\t\t\t<\/div>\n\t\t\t\t\t\t\t\t<div class=\"elementor-field-type-textarea elementor-field-group elementor-column elementor-field-group-mensagem elementor-col-100 elementor-field-required elementor-mark-required\">\n\t\t\t\t\t\t\t\t\t\t\t\t<label for=\"form-field-mensagem\" class=\"elementor-field-label\">\n\t\t\t\t\t\t\t\tMensagem\t\t\t\t\t\t\t<\/label>\n\t\t\t\t\t\t<textarea class=\"elementor-field-textual elementor-field  elementor-size-md\" name=\"form_fields[mensagem]\" id=\"form-field-mensagem\" rows=\"4\" required=\"required\"><\/textarea>\t\t\t\t<\/div>\n\t\t\t\t\t\t\t\t<div class=\"elementor-field-type-recaptcha_v3 elementor-field-group elementor-column elementor-field-group-field_71d68f1 elementor-col-100 recaptcha_v3-bottomleft\">\n\t\t\t\t\t<div class=\"elementor-field\" id=\"form-field-field_71d68f1\"><div class=\"elementor-g-recaptcha\" data-sitekey=\"6LfXPBwsAAAAANpGJ990ib_ZFUsdFmYyMiNRl3at\" data-type=\"v3\" data-action=\"Form\" data-badge=\"bottomleft\" data-size=\"invisible\"><\/div><\/div>\t\t\t\t<\/div>\n\t\t\t\t\t\t\t\t<div class=\"elementor-field-group elementor-column elementor-field-type-submit elementor-col-100 e-form__buttons\">\n\t\t\t\t\t<button class=\"elementor-button elementor-size-sm\" type=\"submit\">\n\t\t\t\t\t\t<span class=\"elementor-button-content-wrapper\">\n\t\t\t\t\t\t\t\t\t\t\t\t\t\t\t\t\t\t\t\t\t\t<span class=\"elementor-button-text\">Enviar<\/span>\n\t\t\t\t\t\t\t\t\t\t\t\t\t<\/span>\n\t\t\t\t\t<\/button>\n\t\t\t\t<\/div>\n\t\t\t<\/div>\n\t\t<\/form>\n\t\t\t\t\t\t<\/div>\n\t\t\t\t<\/div>\n\t\t\t\t<\/div>\n\t\t<div class=\"elementor-element elementor-element-09a29eb e-flex e-con-boxed e-con e-parent\" data-id=\"09a29eb\" data-element_type=\"container\" data-e-type=\"container\">\n\t\t\t\t\t<div class=\"e-con-inner\">\n\t\t\t\t\t<\/div>\n\t\t\t\t<\/div>\n\t\t<div class=\"elementor-element elementor-element-3ee75ef e-flex e-con-boxed e-con e-parent\" data-id=\"3ee75ef\" data-element_type=\"container\" data-e-type=\"container\">\n\t\t\t\t\t<div class=\"e-con-inner\">\n\t\t\t\t\t<\/div>\n\t\t\t\t<\/div>\n\t\t\t\t<\/div>\n\t\t","protected":false},"excerpt":{"rendered":"<p>Para entrar em contato conosco, preencha os campos abaixo e envie o seu e-mail. Voc\u00ea tamb\u00e9m pode enviar uma mensagem para o nosso WhatsApp. Caso deseje participar de uma aula conosco, basta comparecer em nossa Escola nos dias e hor\u00e1rios informados neste link: Hor\u00e1rios de aula.<\/p>\n","protected":false},"author":32,"featured_media":0,"parent":0,"menu_order":0,"comment_status":"closed","ping_status":"closed","template":"elementor_header_footer","meta":{"footnotes":""},"class_list":["post-2387","page","type-page","status-publish","hentry"],"yoast_head":"<!-- This site is optimized with the Yoast SEO Premium plugin v24.1 (Yoast SEO v27.5) - https:\/\/yoast.com\/product\/yoast-seo-premium-wordpress\/ -->\n<title>Fale conosco - Nenriki Dojo<\/title>\n<meta name=\"robots\" content=\"index, follow, max-snippet:-1, max-image-preview:large, max-video-preview:-1\" \/>\n<link rel=\"canonical\" href=\"https:\/\/nenrikidojo.com.br\/site\/fale-conosco\/\" \/>\n<meta property=\"og:locale\" content=\"pt_BR\" \/>\n<meta property=\"og:type\" content=\"article\" \/>\n<meta property=\"og:title\" content=\"Fale conosco\" \/>\n<meta property=\"og:description\" content=\"Para entrar em contato conosco, preencha os campos abaixo e envie o seu e-mail. Voc\u00ea tamb\u00e9m pode enviar uma mensagem para o nosso WhatsApp. Caso deseje participar de uma aula conosco, basta comparecer em nossa Escola nos dias e hor\u00e1rios informados neste link: Hor\u00e1rios de aula.\" \/>\n<meta property=\"og:url\" content=\"https:\/\/nenrikidojo.com.br\/site\/fale-conosco\/\" \/>\n<meta property=\"og:site_name\" content=\"Nenriki Dojo\" \/>\n<meta property=\"article:publisher\" content=\"https:\/\/www.facebook.com\/nenrikidojo\/\" \/>\n<meta property=\"article:modified_time\" content=\"2025-11-29T21:22:08+00:00\" \/>\n<meta property=\"og:image\" content=\"https:\/\/nenrikidojo.com.br\/site\/wp-content\/uploads\/2025\/01\/Nenriki-Dojo-Formulario-de-contato.png\" \/>\n\t<meta property=\"og:image:width\" content=\"671\" \/>\n\t<meta property=\"og:image:height\" content=\"91\" \/>\n\t<meta property=\"og:image:type\" content=\"image\/png\" \/>\n<meta name=\"twitter:card\" content=\"summary_large_image\" \/>\n<meta name=\"twitter:label1\" content=\"Est. tempo de leitura\" \/>\n\t<meta name=\"twitter:data1\" content=\"1 minuto\" \/>\n<script type=\"application\/ld+json\" class=\"yoast-schema-graph\">{\"@context\":\"https:\\\/\\\/schema.org\",\"@graph\":[{\"@type\":\"WebPage\",\"@id\":\"https:\\\/\\\/nenrikidojo.com.br\\\/site\\\/fale-conosco\\\/\",\"url\":\"https:\\\/\\\/nenrikidojo.com.br\\\/site\\\/fale-conosco\\\/\",\"name\":\"Fale conosco - Nenriki Dojo\",\"isPartOf\":{\"@id\":\"https:\\\/\\\/nenrikidojo.com.br\\\/site\\\/#website\"},\"primaryImageOfPage\":{\"@id\":\"https:\\\/\\\/nenrikidojo.com.br\\\/site\\\/fale-conosco\\\/#primaryimage\"},\"image\":{\"@id\":\"https:\\\/\\\/nenrikidojo.com.br\\\/site\\\/fale-conosco\\\/#primaryimage\"},\"thumbnailUrl\":\"https:\\\/\\\/nenrikidojo.com.br\\\/site\\\/wp-content\\\/uploads\\\/2025\\\/01\\\/Nenriki-Dojo-Formulario-de-contato.png\",\"datePublished\":\"2025-01-07T14:33:16+00:00\",\"dateModified\":\"2025-11-29T21:22:08+00:00\",\"breadcrumb\":{\"@id\":\"https:\\\/\\\/nenrikidojo.com.br\\\/site\\\/fale-conosco\\\/#breadcrumb\"},\"inLanguage\":\"pt-BR\",\"potentialAction\":[{\"@type\":\"ReadAction\",\"target\":[\"https:\\\/\\\/nenrikidojo.com.br\\\/site\\\/fale-conosco\\\/\"]}]},{\"@type\":\"ImageObject\",\"inLanguage\":\"pt-BR\",\"@id\":\"https:\\\/\\\/nenrikidojo.com.br\\\/site\\\/fale-conosco\\\/#primaryimage\",\"url\":\"https:\\\/\\\/nenrikidojo.com.br\\\/site\\\/wp-content\\\/uploads\\\/2025\\\/01\\\/Nenriki-Dojo-Formulario-de-contato.png\",\"contentUrl\":\"https:\\\/\\\/nenrikidojo.com.br\\\/site\\\/wp-content\\\/uploads\\\/2025\\\/01\\\/Nenriki-Dojo-Formulario-de-contato.png\",\"width\":671,\"height\":91},{\"@type\":\"BreadcrumbList\",\"@id\":\"https:\\\/\\\/nenrikidojo.com.br\\\/site\\\/fale-conosco\\\/#breadcrumb\",\"itemListElement\":[{\"@type\":\"ListItem\",\"position\":1,\"name\":\"In\u00edcio\",\"item\":\"https:\\\/\\\/nenrikidojo.com.br\\\/site\\\/\"},{\"@type\":\"ListItem\",\"position\":2,\"name\":\"Fale conosco\"}]},{\"@type\":\"WebSite\",\"@id\":\"https:\\\/\\\/nenrikidojo.com.br\\\/site\\\/#website\",\"url\":\"https:\\\/\\\/nenrikidojo.com.br\\\/site\\\/\",\"name\":\"NENRIKI DOJO - NINJUTSU - AIKIBUDO JUJUTSU - BUJINKAN - BILL SENSEI\",\"description\":\"ESCOLA TRADICIONAL DE NINJUTSU, ARTE MARCIAL NINJA, SAMURAI E DEFESA PESSOAL. RECONHECIMENTO INTERNACIONAL PELO JAP\u00c3O.\",\"publisher\":{\"@id\":\"https:\\\/\\\/nenrikidojo.com.br\\\/site\\\/#organization\"},\"alternateName\":\"Nenriki Dojo\",\"potentialAction\":[{\"@type\":\"SearchAction\",\"target\":{\"@type\":\"EntryPoint\",\"urlTemplate\":\"https:\\\/\\\/nenrikidojo.com.br\\\/site\\\/?s={search_term_string}\"},\"query-input\":{\"@type\":\"PropertyValueSpecification\",\"valueRequired\":true,\"valueName\":\"search_term_string\"}}],\"inLanguage\":\"pt-BR\"},{\"@type\":\"Organization\",\"@id\":\"https:\\\/\\\/nenrikidojo.com.br\\\/site\\\/#organization\",\"name\":\"NENRIKI DOJO - NINJUTSU - AIKIBUDO JUJUTSU - BUJINKAN - BILL SENSEI\",\"alternateName\":\"Nenriki Dojo\",\"url\":\"https:\\\/\\\/nenrikidojo.com.br\\\/site\\\/\",\"logo\":{\"@type\":\"ImageObject\",\"inLanguage\":\"pt-BR\",\"@id\":\"https:\\\/\\\/nenrikidojo.com.br\\\/site\\\/#\\\/schema\\\/logo\\\/image\\\/\",\"url\":\"https:\\\/\\\/nenrikidojo.com.br\\\/site\\\/wp-content\\\/uploads\\\/2025\\\/01\\\/Logo-Nenriki-Dojo-Colorido.png\",\"contentUrl\":\"https:\\\/\\\/nenrikidojo.com.br\\\/site\\\/wp-content\\\/uploads\\\/2025\\\/01\\\/Logo-Nenriki-Dojo-Colorido.png\",\"width\":2108,\"height\":1989,\"caption\":\"NENRIKI DOJO - NINJUTSU - AIKIBUDO JUJUTSU - BUJINKAN - BILL SENSEI\"},\"image\":{\"@id\":\"https:\\\/\\\/nenrikidojo.com.br\\\/site\\\/#\\\/schema\\\/logo\\\/image\\\/\"},\"sameAs\":[\"https:\\\/\\\/www.facebook.com\\\/nenrikidojo\\\/\",\"https:\\\/\\\/www.instagram.com\\\/nenrikidojo\\\/\",\"https:\\\/\\\/www.youtube.com\\\/c\\\/NenrikiDojo\"],\"description\":\"A Nenriki Dojo \u00e9 uma Escola de renome no cen\u00e1rio das artes marciais, especialmente no que diz respeito \u00e0s tradi\u00e7\u00f5es Ninja e Samurai no Brasil. Nosso compromisso primordial \u00e9 preservar, difundir e cultivar a rica cultura japonesa presente no Bugei e no Budo em sua forma mais aut\u00eantica e s\u00f3lida.\",\"email\":\"contato@nenrikidojo.com.br\",\"telephone\":\"11933207474\",\"legalName\":\"Nenriki Dojo\",\"foundingDate\":\"1995-05-03\"}]}<\/script>\n<!-- \/ Yoast SEO Premium plugin. -->","yoast_head_json":{"title":"Fale conosco - Nenriki Dojo","robots":{"index":"index","follow":"follow","max-snippet":"max-snippet:-1","max-image-preview":"max-image-preview:large","max-video-preview":"max-video-preview:-1"},"canonical":"https:\/\/nenrikidojo.com.br\/site\/fale-conosco\/","og_locale":"pt_BR","og_type":"article","og_title":"Fale conosco","og_description":"Para entrar em contato conosco, preencha os campos abaixo e envie o seu e-mail. Voc\u00ea tamb\u00e9m pode enviar uma mensagem para o nosso WhatsApp. Caso deseje participar de uma aula conosco, basta comparecer em nossa Escola nos dias e hor\u00e1rios informados neste link: Hor\u00e1rios de aula.","og_url":"https:\/\/nenrikidojo.com.br\/site\/fale-conosco\/","og_site_name":"Nenriki Dojo","article_publisher":"https:\/\/www.facebook.com\/nenrikidojo\/","article_modified_time":"2025-11-29T21:22:08+00:00","og_image":[{"width":671,"height":91,"url":"https:\/\/nenrikidojo.com.br\/site\/wp-content\/uploads\/2025\/01\/Nenriki-Dojo-Formulario-de-contato.png","type":"image\/png"}],"twitter_card":"summary_large_image","twitter_misc":{"Est. tempo de leitura":"1 minuto"},"schema":{"@context":"https:\/\/schema.org","@graph":[{"@type":"WebPage","@id":"https:\/\/nenrikidojo.com.br\/site\/fale-conosco\/","url":"https:\/\/nenrikidojo.com.br\/site\/fale-conosco\/","name":"Fale conosco - Nenriki Dojo","isPartOf":{"@id":"https:\/\/nenrikidojo.com.br\/site\/#website"},"primaryImageOfPage":{"@id":"https:\/\/nenrikidojo.com.br\/site\/fale-conosco\/#primaryimage"},"image":{"@id":"https:\/\/nenrikidojo.com.br\/site\/fale-conosco\/#primaryimage"},"thumbnailUrl":"https:\/\/nenrikidojo.com.br\/site\/wp-content\/uploads\/2025\/01\/Nenriki-Dojo-Formulario-de-contato.png","datePublished":"2025-01-07T14:33:16+00:00","dateModified":"2025-11-29T21:22:08+00:00","breadcrumb":{"@id":"https:\/\/nenrikidojo.com.br\/site\/fale-conosco\/#breadcrumb"},"inLanguage":"pt-BR","potentialAction":[{"@type":"ReadAction","target":["https:\/\/nenrikidojo.com.br\/site\/fale-conosco\/"]}]},{"@type":"ImageObject","inLanguage":"pt-BR","@id":"https:\/\/nenrikidojo.com.br\/site\/fale-conosco\/#primaryimage","url":"https:\/\/nenrikidojo.com.br\/site\/wp-content\/uploads\/2025\/01\/Nenriki-Dojo-Formulario-de-contato.png","contentUrl":"https:\/\/nenrikidojo.com.br\/site\/wp-content\/uploads\/2025\/01\/Nenriki-Dojo-Formulario-de-contato.png","width":671,"height":91},{"@type":"BreadcrumbList","@id":"https:\/\/nenrikidojo.com.br\/site\/fale-conosco\/#breadcrumb","itemListElement":[{"@type":"ListItem","position":1,"name":"In\u00edcio","item":"https:\/\/nenrikidojo.com.br\/site\/"},{"@type":"ListItem","position":2,"name":"Fale conosco"}]},{"@type":"WebSite","@id":"https:\/\/nenrikidojo.com.br\/site\/#website","url":"https:\/\/nenrikidojo.com.br\/site\/","name":"NENRIKI DOJO - NINJUTSU - AIKIBUDO JUJUTSU - BUJINKAN - BILL SENSEI","description":"ESCOLA TRADICIONAL DE NINJUTSU, ARTE MARCIAL NINJA, SAMURAI E DEFESA PESSOAL. RECONHECIMENTO INTERNACIONAL PELO JAP\u00c3O.","publisher":{"@id":"https:\/\/nenrikidojo.com.br\/site\/#organization"},"alternateName":"Nenriki Dojo","potentialAction":[{"@type":"SearchAction","target":{"@type":"EntryPoint","urlTemplate":"https:\/\/nenrikidojo.com.br\/site\/?s={search_term_string}"},"query-input":{"@type":"PropertyValueSpecification","valueRequired":true,"valueName":"search_term_string"}}],"inLanguage":"pt-BR"},{"@type":"Organization","@id":"https:\/\/nenrikidojo.com.br\/site\/#organization","name":"NENRIKI DOJO - NINJUTSU - AIKIBUDO JUJUTSU - BUJINKAN - BILL SENSEI","alternateName":"Nenriki Dojo","url":"https:\/\/nenrikidojo.com.br\/site\/","logo":{"@type":"ImageObject","inLanguage":"pt-BR","@id":"https:\/\/nenrikidojo.com.br\/site\/#\/schema\/logo\/image\/","url":"https:\/\/nenrikidojo.com.br\/site\/wp-content\/uploads\/2025\/01\/Logo-Nenriki-Dojo-Colorido.png","contentUrl":"https:\/\/nenrikidojo.com.br\/site\/wp-content\/uploads\/2025\/01\/Logo-Nenriki-Dojo-Colorido.png","width":2108,"height":1989,"caption":"NENRIKI DOJO - NINJUTSU - AIKIBUDO JUJUTSU - BUJINKAN - BILL SENSEI"},"image":{"@id":"https:\/\/nenrikidojo.com.br\/site\/#\/schema\/logo\/image\/"},"sameAs":["https:\/\/www.facebook.com\/nenrikidojo\/","https:\/\/www.instagram.com\/nenrikidojo\/","https:\/\/www.youtube.com\/c\/NenrikiDojo"],"description":"A Nenriki Dojo \u00e9 uma Escola de renome no cen\u00e1rio das artes marciais, especialmente no que diz respeito \u00e0s tradi\u00e7\u00f5es Ninja e Samurai no Brasil. Nosso compromisso primordial \u00e9 preservar, difundir e cultivar a rica cultura japonesa presente no Bugei e no Budo em sua forma mais aut\u00eantica e s\u00f3lida.","email":"contato@nenrikidojo.com.br","telephone":"11933207474","legalName":"Nenriki Dojo","foundingDate":"1995-05-03"}]}},"_links":{"self":[{"href":"https:\/\/nenrikidojo.com.br\/site\/wp-json\/wp\/v2\/pages\/2387","targetHints":{"allow":["GET"]}}],"collection":[{"href":"https:\/\/nenrikidojo.com.br\/site\/wp-json\/wp\/v2\/pages"}],"about":[{"href":"https:\/\/nenrikidojo.com.br\/site\/wp-json\/wp\/v2\/types\/page"}],"author":[{"embeddable":true,"href":"https:\/\/nenrikidojo.com.br\/site\/wp-json\/wp\/v2\/users\/32"}],"replies":[{"embeddable":true,"href":"https:\/\/nenrikidojo.com.br\/site\/wp-json\/wp\/v2\/comments?post=2387"}],"version-history":[{"count":35,"href":"https:\/\/nenrikidojo.com.br\/site\/wp-json\/wp\/v2\/pages\/2387\/revisions"}],"predecessor-version":[{"id":7750,"href":"https:\/\/nenrikidojo.com.br\/site\/wp-json\/wp\/v2\/pages\/2387\/revisions\/7750"}],"wp:attachment":[{"href":"https:\/\/nenrikidojo.com.br\/site\/wp-json\/wp\/v2\/media?parent=2387"}],"curies":[{"name":"wp","href":"https:\/\/api.w.org\/{rel}","templated":true}]}}