{"id":2594,"date":"2025-01-07T13:29:22","date_gmt":"2025-01-07T16:29:22","guid":{"rendered":"https:\/\/nenrikidojo.com.br\/site\/?page_id=2594"},"modified":"2025-01-07T13:31:12","modified_gmt":"2025-01-07T16:31:12","slug":"sucessores-das-escolas","status":"publish","type":"page","link":"https:\/\/nenrikidojo.com.br\/site\/sucessores-das-escolas\/","title":{"rendered":"Sucessores das Escolas"},"content":{"rendered":"\t\t<div data-elementor-type=\"wp-page\" data-elementor-id=\"2594\" class=\"elementor elementor-2594\" data-elementor-settings=\"{&quot;element_pack_global_tooltip_width&quot;:{&quot;unit&quot;:&quot;px&quot;,&quot;size&quot;:&quot;&quot;,&quot;sizes&quot;:[]},&quot;element_pack_global_tooltip_width_widescreen&quot;:{&quot;unit&quot;:&quot;px&quot;,&quot;size&quot;:&quot;&quot;,&quot;sizes&quot;:[]},&quot;element_pack_global_tooltip_width_laptop&quot;:{&quot;unit&quot;:&quot;px&quot;,&quot;size&quot;:&quot;&quot;,&quot;sizes&quot;:[]},&quot;element_pack_global_tooltip_width_tablet_extra&quot;:{&quot;unit&quot;:&quot;px&quot;,&quot;size&quot;:&quot;&quot;,&quot;sizes&quot;:[]},&quot;element_pack_global_tooltip_width_tablet&quot;:{&quot;unit&quot;:&quot;px&quot;,&quot;size&quot;:&quot;&quot;,&quot;sizes&quot;:[]},&quot;element_pack_global_tooltip_width_mobile&quot;:{&quot;unit&quot;:&quot;px&quot;,&quot;size&quot;:&quot;&quot;,&quot;sizes&quot;:[]},&quot;element_pack_global_tooltip_padding&quot;:{&quot;unit&quot;:&quot;px&quot;,&quot;top&quot;:&quot;&quot;,&quot;right&quot;:&quot;&quot;,&quot;bottom&quot;:&quot;&quot;,&quot;left&quot;:&quot;&quot;,&quot;isLinked&quot;:true},&quot;element_pack_global_tooltip_padding_widescreen&quot;:{&quot;unit&quot;:&quot;px&quot;,&quot;top&quot;:&quot;&quot;,&quot;right&quot;:&quot;&quot;,&quot;bottom&quot;:&quot;&quot;,&quot;left&quot;:&quot;&quot;,&quot;isLinked&quot;:true},&quot;element_pack_global_tooltip_padding_laptop&quot;:{&quot;unit&quot;:&quot;px&quot;,&quot;top&quot;:&quot;&quot;,&quot;right&quot;:&quot;&quot;,&quot;bottom&quot;:&quot;&quot;,&quot;left&quot;:&quot;&quot;,&quot;isLinked&quot;:true},&quot;element_pack_global_tooltip_padding_tablet_extra&quot;:{&quot;unit&quot;:&quot;px&quot;,&quot;top&quot;:&quot;&quot;,&quot;right&quot;:&quot;&quot;,&quot;bottom&quot;:&quot;&quot;,&quot;left&quot;:&quot;&quot;,&quot;isLinked&quot;:true},&quot;element_pack_global_tooltip_padding_tablet&quot;:{&quot;unit&quot;:&quot;px&quot;,&quot;top&quot;:&quot;&quot;,&quot;right&quot;:&quot;&quot;,&quot;bottom&quot;:&quot;&quot;,&quot;left&quot;:&quot;&quot;,&quot;isLinked&quot;:true},&quot;element_pack_global_tooltip_padding_mobile&quot;:{&quot;unit&quot;:&quot;px&quot;,&quot;top&quot;:&quot;&quot;,&quot;right&quot;:&quot;&quot;,&quot;bottom&quot;:&quot;&quot;,&quot;left&quot;:&quot;&quot;,&quot;isLinked&quot;:true},&quot;element_pack_global_tooltip_border_radius&quot;:{&quot;unit&quot;:&quot;px&quot;,&quot;top&quot;:&quot;&quot;,&quot;right&quot;:&quot;&quot;,&quot;bottom&quot;:&quot;&quot;,&quot;left&quot;:&quot;&quot;,&quot;isLinked&quot;:true},&quot;element_pack_global_tooltip_border_radius_widescreen&quot;:{&quot;unit&quot;:&quot;px&quot;,&quot;top&quot;:&quot;&quot;,&quot;right&quot;:&quot;&quot;,&quot;bottom&quot;:&quot;&quot;,&quot;left&quot;:&quot;&quot;,&quot;isLinked&quot;:true},&quot;element_pack_global_tooltip_border_radius_laptop&quot;:{&quot;unit&quot;:&quot;px&quot;,&quot;top&quot;:&quot;&quot;,&quot;right&quot;:&quot;&quot;,&quot;bottom&quot;:&quot;&quot;,&quot;left&quot;:&quot;&quot;,&quot;isLinked&quot;:true},&quot;element_pack_global_tooltip_border_radius_tablet_extra&quot;:{&quot;unit&quot;:&quot;px&quot;,&quot;top&quot;:&quot;&quot;,&quot;right&quot;:&quot;&quot;,&quot;bottom&quot;:&quot;&quot;,&quot;left&quot;:&quot;&quot;,&quot;isLinked&quot;:true},&quot;element_pack_global_tooltip_border_radius_tablet&quot;:{&quot;unit&quot;:&quot;px&quot;,&quot;top&quot;:&quot;&quot;,&quot;right&quot;:&quot;&quot;,&quot;bottom&quot;:&quot;&quot;,&quot;left&quot;:&quot;&quot;,&quot;isLinked&quot;:true},&quot;element_pack_global_tooltip_border_radius_mobile&quot;:{&quot;unit&quot;:&quot;px&quot;,&quot;top&quot;:&quot;&quot;,&quot;right&quot;:&quot;&quot;,&quot;bottom&quot;:&quot;&quot;,&quot;left&quot;:&quot;&quot;,&quot;isLinked&quot;:true}}\" data-elementor-post-type=\"page\">\n\t\t\t\t<div class=\"elementor-element elementor-element-82194cb e-flex e-con-boxed e-con e-parent\" data-id=\"82194cb\" data-element_type=\"container\" data-e-type=\"container\">\n\t\t\t\t\t<div class=\"e-con-inner\">\n\t\t\t\t<div class=\"elementor-element elementor-element-d52e794 elementor-widget elementor-widget-image\" data-id=\"d52e794\" data-element_type=\"widget\" data-e-type=\"widget\" data-widget_type=\"image.default\">\n\t\t\t\t<div class=\"elementor-widget-container\">\n\t\t\t\t\t\t\t\t\t\t\t\t\t\t\t<img fetchpriority=\"high\" decoding=\"async\" width=\"671\" height=\"91\" src=\"https:\/\/nenrikidojo.com.br\/site\/wp-content\/uploads\/2025\/01\/Nenriki-Dojo-Atuais-Soke.png\" class=\"attachment-large size-large wp-image-2596\" alt=\"\" srcset=\"https:\/\/nenrikidojo.com.br\/site\/wp-content\/uploads\/2025\/01\/Nenriki-Dojo-Atuais-Soke.png 671w, https:\/\/nenrikidojo.com.br\/site\/wp-content\/uploads\/2025\/01\/Nenriki-Dojo-Atuais-Soke-300x41.png 300w, https:\/\/nenrikidojo.com.br\/site\/wp-content\/uploads\/2025\/01\/Nenriki-Dojo-Atuais-Soke-650x88.png 650w, https:\/\/nenrikidojo.com.br\/site\/wp-content\/uploads\/2025\/01\/Nenriki-Dojo-Atuais-Soke-310x42.png 310w, https:\/\/nenrikidojo.com.br\/site\/wp-content\/uploads\/2025\/01\/Nenriki-Dojo-Atuais-Soke-150x20.png 150w\" sizes=\"(max-width: 671px) 100vw, 671px\" \/>\t\t\t\t\t\t\t\t\t\t\t\t\t\t\t<\/div>\n\t\t\t\t<\/div>\n\t\t\t\t\t<\/div>\n\t\t\t\t<\/div>\n\t\t<div class=\"elementor-element elementor-element-39b9e88 e-flex e-con-boxed e-con e-parent\" data-id=\"39b9e88\" data-element_type=\"container\" data-e-type=\"container\">\n\t\t\t\t\t<div class=\"e-con-inner\">\n\t\t\t\t<div class=\"elementor-element elementor-element-2a37363 elementor-widget elementor-widget-text-editor\" data-id=\"2a37363\" data-element_type=\"widget\" data-e-type=\"widget\" data-widget_type=\"text-editor.default\">\n\t\t\t\t<div class=\"elementor-widget-container\">\n\t\t\t\t\t\t\t\t\t<p>Em 2 de dezembro de 2019 Masaaki Hatsumi escolhe os Soke das Escolas que ele herdou de Toshitsugu Takamatsu.<\/p>\t\t\t\t\t\t\t\t<\/div>\n\t\t\t\t<\/div>\n\t\t\t\t\t<\/div>\n\t\t\t\t<\/div>\n\t\t<div class=\"elementor-element elementor-element-70cdc0c e-con-full e-flex e-con e-parent\" data-id=\"70cdc0c\" data-element_type=\"container\" data-e-type=\"container\">\n\t\t\t\t<div class=\"elementor-element elementor-element-6c28865 elementor-widget__width-initial elementor-widget elementor-widget-image\" data-id=\"6c28865\" data-element_type=\"widget\" data-e-type=\"widget\" data-widget_type=\"image.default\">\n\t\t\t\t<div class=\"elementor-widget-container\">\n\t\t\t\t\t\t\t\t\t\t\t\t\t\t\t<img decoding=\"async\" width=\"800\" height=\"360\" src=\"https:\/\/nenrikidojo.com.br\/site\/wp-content\/uploads\/2025\/01\/Nenriki-Dojo-Sedes-02-1024x461.png\" class=\"attachment-large size-large wp-image-2597\" alt=\"\" srcset=\"https:\/\/nenrikidojo.com.br\/site\/wp-content\/uploads\/2025\/01\/Nenriki-Dojo-Sedes-02-1024x461.png 1024w, https:\/\/nenrikidojo.com.br\/site\/wp-content\/uploads\/2025\/01\/Nenriki-Dojo-Sedes-02-300x135.png 300w, https:\/\/nenrikidojo.com.br\/site\/wp-content\/uploads\/2025\/01\/Nenriki-Dojo-Sedes-02-768x346.png 768w, https:\/\/nenrikidojo.com.br\/site\/wp-content\/uploads\/2025\/01\/Nenriki-Dojo-Sedes-02-1536x692.png 1536w, https:\/\/nenrikidojo.com.br\/site\/wp-content\/uploads\/2025\/01\/Nenriki-Dojo-Sedes-02-650x293.png 650w, https:\/\/nenrikidojo.com.br\/site\/wp-content\/uploads\/2025\/01\/Nenriki-Dojo-Sedes-02-310x140.png 310w, https:\/\/nenrikidojo.com.br\/site\/wp-content\/uploads\/2025\/01\/Nenriki-Dojo-Sedes-02-150x68.png 150w, https:\/\/nenrikidojo.com.br\/site\/wp-content\/uploads\/2025\/01\/Nenriki-Dojo-Sedes-02.png 2048w\" sizes=\"(max-width: 800px) 100vw, 800px\" \/>\t\t\t\t\t\t\t\t\t\t\t\t\t\t\t<\/div>\n\t\t\t\t<\/div>\n\t\t\t\t<\/div>\n\t\t<div class=\"elementor-element elementor-element-4796f11 e-grid e-con-full e-con e-parent\" data-id=\"4796f11\" data-element_type=\"container\" data-e-type=\"container\">\n\t\t\t\t<div class=\"elementor-element elementor-element-5a6fa64 elementor-widget elementor-widget-text-editor\" data-id=\"5a6fa64\" data-element_type=\"widget\" data-e-type=\"widget\" data-widget_type=\"text-editor.default\">\n\t\t\t\t<div class=\"elementor-widget-container\">\n\t\t\t\t\t\t\t\t\t<p><img decoding=\"async\" class=\"wp-image-785 aligncenter\" src=\"https:\/\/nenrikidojo.com.br\/wp-content\/uploads\/2024\/06\/Nenriki-Dojo-Ninjutsu-Soke-01-286x300.png\" alt=\"\" width=\"505\" height=\"529\" \/><\/p><p><strong>Tsutsui Takumi<\/strong><\/p><p>35\u00ba sucessor de Togakure Ryu<\/p>\t\t\t\t\t\t\t\t<\/div>\n\t\t\t\t<\/div>\n\t\t\t\t<div class=\"elementor-element elementor-element-848e5ac elementor-widget elementor-widget-text-editor\" data-id=\"848e5ac\" data-element_type=\"widget\" data-e-type=\"widget\" data-widget_type=\"text-editor.default\">\n\t\t\t\t<div class=\"elementor-widget-container\">\n\t\t\t\t\t\t\t\t\t<p><img loading=\"lazy\" decoding=\"async\" class=\"wp-image-785 aligncenter\" src=\"https:\/\/nenrikidojo.com.br\/wp-content\/uploads\/2024\/06\/Nenriki-Dojo-Ninjutsu-Soke-02-286x300.png\" alt=\"\" width=\"505\" height=\"529\" \/><\/p><p><strong>Noguchi Yukio<\/strong><\/p><p>19\u00ba sucessor de Koto Ryu<\/p>\t\t\t\t\t\t\t\t<\/div>\n\t\t\t\t<\/div>\n\t\t\t\t<div class=\"elementor-element elementor-element-4d7aa78 elementor-widget elementor-widget-text-editor\" data-id=\"4d7aa78\" data-element_type=\"widget\" data-e-type=\"widget\" data-widget_type=\"text-editor.default\">\n\t\t\t\t<div class=\"elementor-widget-container\">\n\t\t\t\t\t\t\t\t\t<p><img loading=\"lazy\" decoding=\"async\" class=\"wp-image-785 aligncenter\" src=\"https:\/\/nenrikidojo.com.br\/wp-content\/uploads\/2024\/06\/Nenriki-Dojo-Ninjutsu-Soke-03-286x300.png\" alt=\"\" width=\"505\" height=\"529\" \/><\/p><p><strong>Ishizuka Tetsuji<\/strong><\/p><p>29\u00ba sucessor de Gyokko Ryu<\/p>\t\t\t\t\t\t\t\t<\/div>\n\t\t\t\t<\/div>\n\t\t\t\t<div class=\"elementor-element elementor-element-2701f57 elementor-widget elementor-widget-text-editor\" data-id=\"2701f57\" data-element_type=\"widget\" data-e-type=\"widget\" data-widget_type=\"text-editor.default\">\n\t\t\t\t<div class=\"elementor-widget-container\">\n\t\t\t\t\t\t\t\t\t<p><img loading=\"lazy\" decoding=\"async\" class=\"wp-image-785 aligncenter\" src=\"https:\/\/nenrikidojo.com.br\/wp-content\/uploads\/2024\/06\/Nenriki-Dojo-Ninjutsu-Soke-04-286x300.png\" alt=\"\" width=\"505\" height=\"529\" \/><\/p><p><strong>Nagato Toshiro<\/strong><\/p><p>27\u00ba sucessor de Shinden Fudo Ryu<\/p>\t\t\t\t\t\t\t\t<\/div>\n\t\t\t\t<\/div>\n\t\t\t\t<div class=\"elementor-element elementor-element-96f7221 elementor-widget elementor-widget-text-editor\" data-id=\"96f7221\" data-element_type=\"widget\" data-e-type=\"widget\" data-widget_type=\"text-editor.default\">\n\t\t\t\t<div class=\"elementor-widget-container\">\n\t\t\t\t\t\t\t\t\t<p><img loading=\"lazy\" decoding=\"async\" class=\"wp-image-785 aligncenter\" src=\"https:\/\/nenrikidojo.com.br\/wp-content\/uploads\/2024\/06\/Nenriki-Dojo-Ninjutsu-Soke-05-286x300.png\" alt=\"\" width=\"505\" height=\"529\" \/><\/p><p><strong>Kan Jun&#8217;ichi<\/strong><\/p><p>22\u00ba sucessor de Gyokushin Ryu<\/p>\t\t\t\t\t\t\t\t<\/div>\n\t\t\t\t<\/div>\n\t\t\t\t<div class=\"elementor-element elementor-element-a874e38 elementor-widget elementor-widget-text-editor\" data-id=\"a874e38\" data-element_type=\"widget\" data-e-type=\"widget\" data-widget_type=\"text-editor.default\">\n\t\t\t\t<div class=\"elementor-widget-container\">\n\t\t\t\t\t\t\t\t\t<p><img loading=\"lazy\" decoding=\"async\" class=\"wp-image-785 aligncenter\" src=\"https:\/\/nenrikidojo.com.br\/wp-content\/uploads\/2024\/06\/Nenriki-Dojo-Ninjutsu-Soke-06-286x300.png\" alt=\"\" width=\"505\" height=\"529\" \/><\/p><p><strong>Iwata Yoshio<\/strong><\/p><p>29\u00ba sucessor de Kukishinden Ryu<\/p>\t\t\t\t\t\t\t\t<\/div>\n\t\t\t\t<\/div>\n\t\t\t\t<div class=\"elementor-element elementor-element-c4928a7 elementor-widget elementor-widget-text-editor\" data-id=\"c4928a7\" data-element_type=\"widget\" data-e-type=\"widget\" data-widget_type=\"text-editor.default\">\n\t\t\t\t<div class=\"elementor-widget-container\">\n\t\t\t\t\t\t\t\t\t<p><img loading=\"lazy\" decoding=\"async\" class=\"wp-image-785 aligncenter\" src=\"https:\/\/nenrikidojo.com.br\/wp-content\/uploads\/2024\/06\/Nenriki-Dojo-Ninjutsu-Soke-07-286x300.png\" alt=\"\" width=\"505\" height=\"529\" \/><\/p><p><strong>Furuta Kouji<\/strong><\/p><p>15\u00ba sucessor de Kumogakure Ryu<\/p>\t\t\t\t\t\t\t\t<\/div>\n\t\t\t\t<\/div>\n\t\t\t\t<div class=\"elementor-element elementor-element-53d13a8 elementor-widget elementor-widget-text-editor\" data-id=\"53d13a8\" data-element_type=\"widget\" data-e-type=\"widget\" data-widget_type=\"text-editor.default\">\n\t\t\t\t<div class=\"elementor-widget-container\">\n\t\t\t\t\t\t\t\t\t<p><img loading=\"lazy\" decoding=\"async\" class=\"wp-image-785 aligncenter\" src=\"https:\/\/nenrikidojo.com.br\/wp-content\/uploads\/2024\/06\/Nenriki-Dojo-Ninjutsu-Soke-08-286x300.png\" alt=\"\" width=\"505\" height=\"529\" \/><\/p><p><strong>Norio Sakasai<\/strong><\/p><p>18\u00ba sucessor de Takagi Yoshin Ryu<\/p><p>16\u00ba sucessor de Gikan Ryu<\/p>\t\t\t\t\t\t\t\t<\/div>\n\t\t\t\t<\/div>\n\t\t\t\t<\/div>\n\t\t\t\t<\/div>\n\t\t","protected":false},"excerpt":{"rendered":"<p>Em 2 de dezembro de 2019 Masaaki Hatsumi escolhe os Soke das Escolas que ele herdou de Toshitsugu Takamatsu. Tsutsui Takumi 35\u00ba sucessor de Togakure Ryu Noguchi Yukio 19\u00ba sucessor de Koto Ryu Ishizuka Tetsuji 29\u00ba sucessor de Gyokko Ryu Nagato Toshiro 27\u00ba sucessor de Shinden Fudo Ryu Kan Jun&#8217;ichi 22\u00ba sucessor de Gyokushin Ryu [&hellip;]<\/p>\n","protected":false},"author":32,"featured_media":0,"parent":0,"menu_order":0,"comment_status":"closed","ping_status":"closed","template":"elementor_header_footer","meta":{"footnotes":""},"class_list":["post-2594","page","type-page","status-publish","hentry"],"yoast_head":"<!-- This site is optimized with the Yoast SEO Premium plugin v24.1 (Yoast SEO v27.5) - https:\/\/yoast.com\/product\/yoast-seo-premium-wordpress\/ -->\n<title>Sucessores das Escolas - Nenriki Dojo<\/title>\n<meta name=\"robots\" content=\"index, follow, max-snippet:-1, max-image-preview:large, max-video-preview:-1\" \/>\n<link rel=\"canonical\" href=\"https:\/\/nenrikidojo.com.br\/site\/sucessores-das-escolas\/\" \/>\n<meta property=\"og:locale\" content=\"pt_BR\" \/>\n<meta property=\"og:type\" content=\"article\" \/>\n<meta property=\"og:title\" content=\"Sucessores das Escolas\" \/>\n<meta property=\"og:description\" content=\"Em 2 de dezembro de 2019 Masaaki Hatsumi escolhe os Soke das Escolas que ele herdou de Toshitsugu Takamatsu. Tsutsui Takumi 35\u00ba sucessor de Togakure Ryu Noguchi Yukio 19\u00ba sucessor de Koto Ryu Ishizuka Tetsuji 29\u00ba sucessor de Gyokko Ryu Nagato Toshiro 27\u00ba sucessor de Shinden Fudo Ryu Kan Jun&#8217;ichi 22\u00ba sucessor de Gyokushin Ryu [&hellip;]\" \/>\n<meta property=\"og:url\" content=\"https:\/\/nenrikidojo.com.br\/site\/sucessores-das-escolas\/\" \/>\n<meta property=\"og:site_name\" content=\"Nenriki Dojo\" \/>\n<meta property=\"article:publisher\" content=\"https:\/\/www.facebook.com\/nenrikidojo\/\" \/>\n<meta property=\"article:modified_time\" content=\"2025-01-07T16:31:12+00:00\" \/>\n<meta property=\"og:image\" content=\"https:\/\/nenrikidojo.com.br\/site\/wp-content\/uploads\/2025\/01\/Nenriki-Dojo-Atuais-Soke.png\" \/>\n<meta name=\"twitter:card\" content=\"summary_large_image\" \/>\n<meta name=\"twitter:label1\" content=\"Est. tempo de leitura\" \/>\n\t<meta name=\"twitter:data1\" content=\"3 minutos\" \/>\n<script type=\"application\/ld+json\" class=\"yoast-schema-graph\">{\"@context\":\"https:\\\/\\\/schema.org\",\"@graph\":[{\"@type\":\"WebPage\",\"@id\":\"https:\\\/\\\/nenrikidojo.com.br\\\/site\\\/sucessores-das-escolas\\\/\",\"url\":\"https:\\\/\\\/nenrikidojo.com.br\\\/site\\\/sucessores-das-escolas\\\/\",\"name\":\"Sucessores das Escolas - Nenriki Dojo\",\"isPartOf\":{\"@id\":\"https:\\\/\\\/nenrikidojo.com.br\\\/site\\\/#website\"},\"primaryImageOfPage\":{\"@id\":\"https:\\\/\\\/nenrikidojo.com.br\\\/site\\\/sucessores-das-escolas\\\/#primaryimage\"},\"image\":{\"@id\":\"https:\\\/\\\/nenrikidojo.com.br\\\/site\\\/sucessores-das-escolas\\\/#primaryimage\"},\"thumbnailUrl\":\"https:\\\/\\\/nenrikidojo.com.br\\\/site\\\/wp-content\\\/uploads\\\/2025\\\/01\\\/Nenriki-Dojo-Atuais-Soke.png\",\"datePublished\":\"2025-01-07T16:29:22+00:00\",\"dateModified\":\"2025-01-07T16:31:12+00:00\",\"breadcrumb\":{\"@id\":\"https:\\\/\\\/nenrikidojo.com.br\\\/site\\\/sucessores-das-escolas\\\/#breadcrumb\"},\"inLanguage\":\"pt-BR\",\"potentialAction\":[{\"@type\":\"ReadAction\",\"target\":[\"https:\\\/\\\/nenrikidojo.com.br\\\/site\\\/sucessores-das-escolas\\\/\"]}]},{\"@type\":\"ImageObject\",\"inLanguage\":\"pt-BR\",\"@id\":\"https:\\\/\\\/nenrikidojo.com.br\\\/site\\\/sucessores-das-escolas\\\/#primaryimage\",\"url\":\"https:\\\/\\\/nenrikidojo.com.br\\\/site\\\/wp-content\\\/uploads\\\/2025\\\/01\\\/Nenriki-Dojo-Atuais-Soke.png\",\"contentUrl\":\"https:\\\/\\\/nenrikidojo.com.br\\\/site\\\/wp-content\\\/uploads\\\/2025\\\/01\\\/Nenriki-Dojo-Atuais-Soke.png\",\"width\":671,\"height\":91},{\"@type\":\"BreadcrumbList\",\"@id\":\"https:\\\/\\\/nenrikidojo.com.br\\\/site\\\/sucessores-das-escolas\\\/#breadcrumb\",\"itemListElement\":[{\"@type\":\"ListItem\",\"position\":1,\"name\":\"In\u00edcio\",\"item\":\"https:\\\/\\\/nenrikidojo.com.br\\\/site\\\/\"},{\"@type\":\"ListItem\",\"position\":2,\"name\":\"Sucessores das Escolas\"}]},{\"@type\":\"WebSite\",\"@id\":\"https:\\\/\\\/nenrikidojo.com.br\\\/site\\\/#website\",\"url\":\"https:\\\/\\\/nenrikidojo.com.br\\\/site\\\/\",\"name\":\"NENRIKI DOJO - NINJUTSU - AIKIBUDO JUJUTSU - BUJINKAN - BILL SENSEI\",\"description\":\"ESCOLA TRADICIONAL DE NINJUTSU, ARTE MARCIAL NINJA, SAMURAI E DEFESA PESSOAL. RECONHECIMENTO INTERNACIONAL PELO JAP\u00c3O.\",\"publisher\":{\"@id\":\"https:\\\/\\\/nenrikidojo.com.br\\\/site\\\/#organization\"},\"alternateName\":\"Nenriki Dojo\",\"potentialAction\":[{\"@type\":\"SearchAction\",\"target\":{\"@type\":\"EntryPoint\",\"urlTemplate\":\"https:\\\/\\\/nenrikidojo.com.br\\\/site\\\/?s={search_term_string}\"},\"query-input\":{\"@type\":\"PropertyValueSpecification\",\"valueRequired\":true,\"valueName\":\"search_term_string\"}}],\"inLanguage\":\"pt-BR\"},{\"@type\":\"Organization\",\"@id\":\"https:\\\/\\\/nenrikidojo.com.br\\\/site\\\/#organization\",\"name\":\"NENRIKI DOJO - NINJUTSU - AIKIBUDO JUJUTSU - BUJINKAN - BILL SENSEI\",\"alternateName\":\"Nenriki Dojo\",\"url\":\"https:\\\/\\\/nenrikidojo.com.br\\\/site\\\/\",\"logo\":{\"@type\":\"ImageObject\",\"inLanguage\":\"pt-BR\",\"@id\":\"https:\\\/\\\/nenrikidojo.com.br\\\/site\\\/#\\\/schema\\\/logo\\\/image\\\/\",\"url\":\"https:\\\/\\\/nenrikidojo.com.br\\\/site\\\/wp-content\\\/uploads\\\/2025\\\/01\\\/Logo-Nenriki-Dojo-Colorido.png\",\"contentUrl\":\"https:\\\/\\\/nenrikidojo.com.br\\\/site\\\/wp-content\\\/uploads\\\/2025\\\/01\\\/Logo-Nenriki-Dojo-Colorido.png\",\"width\":2108,\"height\":1989,\"caption\":\"NENRIKI DOJO - NINJUTSU - AIKIBUDO JUJUTSU - BUJINKAN - BILL SENSEI\"},\"image\":{\"@id\":\"https:\\\/\\\/nenrikidojo.com.br\\\/site\\\/#\\\/schema\\\/logo\\\/image\\\/\"},\"sameAs\":[\"https:\\\/\\\/www.facebook.com\\\/nenrikidojo\\\/\",\"https:\\\/\\\/www.instagram.com\\\/nenrikidojo\\\/\",\"https:\\\/\\\/www.youtube.com\\\/c\\\/NenrikiDojo\"],\"description\":\"A Nenriki Dojo \u00e9 uma Escola de renome no cen\u00e1rio das artes marciais, especialmente no que diz respeito \u00e0s tradi\u00e7\u00f5es Ninja e Samurai no Brasil. Nosso compromisso primordial \u00e9 preservar, difundir e cultivar a rica cultura japonesa presente no Bugei e no Budo em sua forma mais aut\u00eantica e s\u00f3lida.\",\"email\":\"contato@nenrikidojo.com.br\",\"telephone\":\"11933207474\",\"legalName\":\"Nenriki Dojo\",\"foundingDate\":\"1995-05-03\"}]}<\/script>\n<!-- \/ Yoast SEO Premium plugin. -->","yoast_head_json":{"title":"Sucessores das Escolas - Nenriki Dojo","robots":{"index":"index","follow":"follow","max-snippet":"max-snippet:-1","max-image-preview":"max-image-preview:large","max-video-preview":"max-video-preview:-1"},"canonical":"https:\/\/nenrikidojo.com.br\/site\/sucessores-das-escolas\/","og_locale":"pt_BR","og_type":"article","og_title":"Sucessores das Escolas","og_description":"Em 2 de dezembro de 2019 Masaaki Hatsumi escolhe os Soke das Escolas que ele herdou de Toshitsugu Takamatsu. Tsutsui Takumi 35\u00ba sucessor de Togakure Ryu Noguchi Yukio 19\u00ba sucessor de Koto Ryu Ishizuka Tetsuji 29\u00ba sucessor de Gyokko Ryu Nagato Toshiro 27\u00ba sucessor de Shinden Fudo Ryu Kan Jun&#8217;ichi 22\u00ba sucessor de Gyokushin Ryu [&hellip;]","og_url":"https:\/\/nenrikidojo.com.br\/site\/sucessores-das-escolas\/","og_site_name":"Nenriki Dojo","article_publisher":"https:\/\/www.facebook.com\/nenrikidojo\/","article_modified_time":"2025-01-07T16:31:12+00:00","og_image":[{"url":"https:\/\/nenrikidojo.com.br\/site\/wp-content\/uploads\/2025\/01\/Nenriki-Dojo-Atuais-Soke.png","type":"","width":"","height":""}],"twitter_card":"summary_large_image","twitter_misc":{"Est. tempo de leitura":"3 minutos"},"schema":{"@context":"https:\/\/schema.org","@graph":[{"@type":"WebPage","@id":"https:\/\/nenrikidojo.com.br\/site\/sucessores-das-escolas\/","url":"https:\/\/nenrikidojo.com.br\/site\/sucessores-das-escolas\/","name":"Sucessores das Escolas - Nenriki Dojo","isPartOf":{"@id":"https:\/\/nenrikidojo.com.br\/site\/#website"},"primaryImageOfPage":{"@id":"https:\/\/nenrikidojo.com.br\/site\/sucessores-das-escolas\/#primaryimage"},"image":{"@id":"https:\/\/nenrikidojo.com.br\/site\/sucessores-das-escolas\/#primaryimage"},"thumbnailUrl":"https:\/\/nenrikidojo.com.br\/site\/wp-content\/uploads\/2025\/01\/Nenriki-Dojo-Atuais-Soke.png","datePublished":"2025-01-07T16:29:22+00:00","dateModified":"2025-01-07T16:31:12+00:00","breadcrumb":{"@id":"https:\/\/nenrikidojo.com.br\/site\/sucessores-das-escolas\/#breadcrumb"},"inLanguage":"pt-BR","potentialAction":[{"@type":"ReadAction","target":["https:\/\/nenrikidojo.com.br\/site\/sucessores-das-escolas\/"]}]},{"@type":"ImageObject","inLanguage":"pt-BR","@id":"https:\/\/nenrikidojo.com.br\/site\/sucessores-das-escolas\/#primaryimage","url":"https:\/\/nenrikidojo.com.br\/site\/wp-content\/uploads\/2025\/01\/Nenriki-Dojo-Atuais-Soke.png","contentUrl":"https:\/\/nenrikidojo.com.br\/site\/wp-content\/uploads\/2025\/01\/Nenriki-Dojo-Atuais-Soke.png","width":671,"height":91},{"@type":"BreadcrumbList","@id":"https:\/\/nenrikidojo.com.br\/site\/sucessores-das-escolas\/#breadcrumb","itemListElement":[{"@type":"ListItem","position":1,"name":"In\u00edcio","item":"https:\/\/nenrikidojo.com.br\/site\/"},{"@type":"ListItem","position":2,"name":"Sucessores das Escolas"}]},{"@type":"WebSite","@id":"https:\/\/nenrikidojo.com.br\/site\/#website","url":"https:\/\/nenrikidojo.com.br\/site\/","name":"NENRIKI DOJO - NINJUTSU - AIKIBUDO JUJUTSU - BUJINKAN - BILL SENSEI","description":"ESCOLA TRADICIONAL DE NINJUTSU, ARTE MARCIAL NINJA, SAMURAI E DEFESA PESSOAL. RECONHECIMENTO INTERNACIONAL PELO JAP\u00c3O.","publisher":{"@id":"https:\/\/nenrikidojo.com.br\/site\/#organization"},"alternateName":"Nenriki Dojo","potentialAction":[{"@type":"SearchAction","target":{"@type":"EntryPoint","urlTemplate":"https:\/\/nenrikidojo.com.br\/site\/?s={search_term_string}"},"query-input":{"@type":"PropertyValueSpecification","valueRequired":true,"valueName":"search_term_string"}}],"inLanguage":"pt-BR"},{"@type":"Organization","@id":"https:\/\/nenrikidojo.com.br\/site\/#organization","name":"NENRIKI DOJO - NINJUTSU - AIKIBUDO JUJUTSU - BUJINKAN - BILL SENSEI","alternateName":"Nenriki Dojo","url":"https:\/\/nenrikidojo.com.br\/site\/","logo":{"@type":"ImageObject","inLanguage":"pt-BR","@id":"https:\/\/nenrikidojo.com.br\/site\/#\/schema\/logo\/image\/","url":"https:\/\/nenrikidojo.com.br\/site\/wp-content\/uploads\/2025\/01\/Logo-Nenriki-Dojo-Colorido.png","contentUrl":"https:\/\/nenrikidojo.com.br\/site\/wp-content\/uploads\/2025\/01\/Logo-Nenriki-Dojo-Colorido.png","width":2108,"height":1989,"caption":"NENRIKI DOJO - NINJUTSU - AIKIBUDO JUJUTSU - BUJINKAN - BILL SENSEI"},"image":{"@id":"https:\/\/nenrikidojo.com.br\/site\/#\/schema\/logo\/image\/"},"sameAs":["https:\/\/www.facebook.com\/nenrikidojo\/","https:\/\/www.instagram.com\/nenrikidojo\/","https:\/\/www.youtube.com\/c\/NenrikiDojo"],"description":"A Nenriki Dojo \u00e9 uma Escola de renome no cen\u00e1rio das artes marciais, especialmente no que diz respeito \u00e0s tradi\u00e7\u00f5es Ninja e Samurai no Brasil. Nosso compromisso primordial \u00e9 preservar, difundir e cultivar a rica cultura japonesa presente no Bugei e no Budo em sua forma mais aut\u00eantica e s\u00f3lida.","email":"contato@nenrikidojo.com.br","telephone":"11933207474","legalName":"Nenriki Dojo","foundingDate":"1995-05-03"}]}},"_links":{"self":[{"href":"https:\/\/nenrikidojo.com.br\/site\/wp-json\/wp\/v2\/pages\/2594","targetHints":{"allow":["GET"]}}],"collection":[{"href":"https:\/\/nenrikidojo.com.br\/site\/wp-json\/wp\/v2\/pages"}],"about":[{"href":"https:\/\/nenrikidojo.com.br\/site\/wp-json\/wp\/v2\/types\/page"}],"author":[{"embeddable":true,"href":"https:\/\/nenrikidojo.com.br\/site\/wp-json\/wp\/v2\/users\/32"}],"replies":[{"embeddable":true,"href":"https:\/\/nenrikidojo.com.br\/site\/wp-json\/wp\/v2\/comments?post=2594"}],"version-history":[{"count":5,"href":"https:\/\/nenrikidojo.com.br\/site\/wp-json\/wp\/v2\/pages\/2594\/revisions"}],"predecessor-version":[{"id":2601,"href":"https:\/\/nenrikidojo.com.br\/site\/wp-json\/wp\/v2\/pages\/2594\/revisions\/2601"}],"wp:attachment":[{"href":"https:\/\/nenrikidojo.com.br\/site\/wp-json\/wp\/v2\/media?parent=2594"}],"curies":[{"name":"wp","href":"https:\/\/api.w.org\/{rel}","templated":true}]}}