{"id":2608,"date":"2025-01-07T13:36:21","date_gmt":"2025-01-07T16:36:21","guid":{"rendered":"https:\/\/nenrikidojo.com.br\/site\/?page_id=2608"},"modified":"2025-01-07T16:08:02","modified_gmt":"2025-01-07T19:08:02","slug":"takamatsu-soke","status":"publish","type":"page","link":"https:\/\/nenrikidojo.com.br\/site\/takamatsu-soke\/","title":{"rendered":"Takamatsu Soke"},"content":{"rendered":"\t\t<div data-elementor-type=\"wp-page\" data-elementor-id=\"2608\" class=\"elementor elementor-2608\" data-elementor-settings=\"{&quot;element_pack_global_tooltip_width&quot;:{&quot;unit&quot;:&quot;px&quot;,&quot;size&quot;:&quot;&quot;,&quot;sizes&quot;:[]},&quot;element_pack_global_tooltip_width_widescreen&quot;:{&quot;unit&quot;:&quot;px&quot;,&quot;size&quot;:&quot;&quot;,&quot;sizes&quot;:[]},&quot;element_pack_global_tooltip_width_laptop&quot;:{&quot;unit&quot;:&quot;px&quot;,&quot;size&quot;:&quot;&quot;,&quot;sizes&quot;:[]},&quot;element_pack_global_tooltip_width_tablet_extra&quot;:{&quot;unit&quot;:&quot;px&quot;,&quot;size&quot;:&quot;&quot;,&quot;sizes&quot;:[]},&quot;element_pack_global_tooltip_width_tablet&quot;:{&quot;unit&quot;:&quot;px&quot;,&quot;size&quot;:&quot;&quot;,&quot;sizes&quot;:[]},&quot;element_pack_global_tooltip_width_mobile&quot;:{&quot;unit&quot;:&quot;px&quot;,&quot;size&quot;:&quot;&quot;,&quot;sizes&quot;:[]},&quot;element_pack_global_tooltip_padding&quot;:{&quot;unit&quot;:&quot;px&quot;,&quot;top&quot;:&quot;&quot;,&quot;right&quot;:&quot;&quot;,&quot;bottom&quot;:&quot;&quot;,&quot;left&quot;:&quot;&quot;,&quot;isLinked&quot;:true},&quot;element_pack_global_tooltip_padding_widescreen&quot;:{&quot;unit&quot;:&quot;px&quot;,&quot;top&quot;:&quot;&quot;,&quot;right&quot;:&quot;&quot;,&quot;bottom&quot;:&quot;&quot;,&quot;left&quot;:&quot;&quot;,&quot;isLinked&quot;:true},&quot;element_pack_global_tooltip_padding_laptop&quot;:{&quot;unit&quot;:&quot;px&quot;,&quot;top&quot;:&quot;&quot;,&quot;right&quot;:&quot;&quot;,&quot;bottom&quot;:&quot;&quot;,&quot;left&quot;:&quot;&quot;,&quot;isLinked&quot;:true},&quot;element_pack_global_tooltip_padding_tablet_extra&quot;:{&quot;unit&quot;:&quot;px&quot;,&quot;top&quot;:&quot;&quot;,&quot;right&quot;:&quot;&quot;,&quot;bottom&quot;:&quot;&quot;,&quot;left&quot;:&quot;&quot;,&quot;isLinked&quot;:true},&quot;element_pack_global_tooltip_padding_tablet&quot;:{&quot;unit&quot;:&quot;px&quot;,&quot;top&quot;:&quot;&quot;,&quot;right&quot;:&quot;&quot;,&quot;bottom&quot;:&quot;&quot;,&quot;left&quot;:&quot;&quot;,&quot;isLinked&quot;:true},&quot;element_pack_global_tooltip_padding_mobile&quot;:{&quot;unit&quot;:&quot;px&quot;,&quot;top&quot;:&quot;&quot;,&quot;right&quot;:&quot;&quot;,&quot;bottom&quot;:&quot;&quot;,&quot;left&quot;:&quot;&quot;,&quot;isLinked&quot;:true},&quot;element_pack_global_tooltip_border_radius&quot;:{&quot;unit&quot;:&quot;px&quot;,&quot;top&quot;:&quot;&quot;,&quot;right&quot;:&quot;&quot;,&quot;bottom&quot;:&quot;&quot;,&quot;left&quot;:&quot;&quot;,&quot;isLinked&quot;:true},&quot;element_pack_global_tooltip_border_radius_widescreen&quot;:{&quot;unit&quot;:&quot;px&quot;,&quot;top&quot;:&quot;&quot;,&quot;right&quot;:&quot;&quot;,&quot;bottom&quot;:&quot;&quot;,&quot;left&quot;:&quot;&quot;,&quot;isLinked&quot;:true},&quot;element_pack_global_tooltip_border_radius_laptop&quot;:{&quot;unit&quot;:&quot;px&quot;,&quot;top&quot;:&quot;&quot;,&quot;right&quot;:&quot;&quot;,&quot;bottom&quot;:&quot;&quot;,&quot;left&quot;:&quot;&quot;,&quot;isLinked&quot;:true},&quot;element_pack_global_tooltip_border_radius_tablet_extra&quot;:{&quot;unit&quot;:&quot;px&quot;,&quot;top&quot;:&quot;&quot;,&quot;right&quot;:&quot;&quot;,&quot;bottom&quot;:&quot;&quot;,&quot;left&quot;:&quot;&quot;,&quot;isLinked&quot;:true},&quot;element_pack_global_tooltip_border_radius_tablet&quot;:{&quot;unit&quot;:&quot;px&quot;,&quot;top&quot;:&quot;&quot;,&quot;right&quot;:&quot;&quot;,&quot;bottom&quot;:&quot;&quot;,&quot;left&quot;:&quot;&quot;,&quot;isLinked&quot;:true},&quot;element_pack_global_tooltip_border_radius_mobile&quot;:{&quot;unit&quot;:&quot;px&quot;,&quot;top&quot;:&quot;&quot;,&quot;right&quot;:&quot;&quot;,&quot;bottom&quot;:&quot;&quot;,&quot;left&quot;:&quot;&quot;,&quot;isLinked&quot;:true}}\" data-elementor-post-type=\"page\">\n\t\t\t\t<div class=\"elementor-element elementor-element-cd0c9a1 e-flex e-con-boxed e-con e-parent\" data-id=\"cd0c9a1\" data-element_type=\"container\" data-e-type=\"container\">\n\t\t\t\t\t<div class=\"e-con-inner\">\n\t\t\t\t<div class=\"elementor-element elementor-element-3ea4a33 elementor-widget elementor-widget-image\" data-id=\"3ea4a33\" data-element_type=\"widget\" data-e-type=\"widget\" data-widget_type=\"image.default\">\n\t\t\t\t<div class=\"elementor-widget-container\">\n\t\t\t\t\t\t\t\t\t\t\t\t\t\t\t<img fetchpriority=\"high\" decoding=\"async\" width=\"671\" height=\"91\" src=\"https:\/\/nenrikidojo.com.br\/site\/wp-content\/uploads\/2025\/01\/Nenriki-Dojo-Takamatsu-Soke.png\" class=\"attachment-large size-large wp-image-2610\" alt=\"\" srcset=\"https:\/\/nenrikidojo.com.br\/site\/wp-content\/uploads\/2025\/01\/Nenriki-Dojo-Takamatsu-Soke.png 671w, https:\/\/nenrikidojo.com.br\/site\/wp-content\/uploads\/2025\/01\/Nenriki-Dojo-Takamatsu-Soke-300x41.png 300w, https:\/\/nenrikidojo.com.br\/site\/wp-content\/uploads\/2025\/01\/Nenriki-Dojo-Takamatsu-Soke-650x88.png 650w, https:\/\/nenrikidojo.com.br\/site\/wp-content\/uploads\/2025\/01\/Nenriki-Dojo-Takamatsu-Soke-310x42.png 310w, https:\/\/nenrikidojo.com.br\/site\/wp-content\/uploads\/2025\/01\/Nenriki-Dojo-Takamatsu-Soke-150x20.png 150w\" sizes=\"(max-width: 671px) 100vw, 671px\" \/>\t\t\t\t\t\t\t\t\t\t\t\t\t\t\t<\/div>\n\t\t\t\t<\/div>\n\t\t\t\t\t<\/div>\n\t\t\t\t<\/div>\n\t\t<div class=\"elementor-element elementor-element-89f8489 e-con-full e-flex e-con e-parent\" data-id=\"89f8489\" data-element_type=\"container\" data-e-type=\"container\">\n\t\t<div class=\"elementor-element elementor-element-5df25d5 e-con-full e-flex e-con e-child\" data-id=\"5df25d5\" data-element_type=\"container\" data-e-type=\"container\">\n\t\t\t\t<div class=\"elementor-element elementor-element-c8df571 elementor-widget__width-initial elementor-widget elementor-widget-image\" data-id=\"c8df571\" data-element_type=\"widget\" data-e-type=\"widget\" data-widget_type=\"image.default\">\n\t\t\t\t<div class=\"elementor-widget-container\">\n\t\t\t\t\t\t\t\t\t\t\t\t\t\t\t<img decoding=\"async\" src=\"https:\/\/nenrikidojo.com.br\/site\/wp-content\/uploads\/2025\/01\/Nenriki-Dojo-Ninjutsu-Aikibudo-Jujutsu-Takamatsu-Soke.png\" title=\"Nenriki-Dojo-Ninjutsu-Aikibudo-Jujutsu-Takamatsu-Soke.png\" alt=\"Nenriki-Dojo-Ninjutsu-Aikibudo-Jujutsu-Takamatsu-Soke.png\" loading=\"lazy\" \/>\t\t\t\t\t\t\t\t\t\t\t\t\t\t\t<\/div>\n\t\t\t\t<\/div>\n\t\t\t\t<\/div>\n\t\t<div class=\"elementor-element elementor-element-1a49afc e-con-full e-flex e-con e-child\" data-id=\"1a49afc\" data-element_type=\"container\" data-e-type=\"container\">\n\t\t\t\t<div class=\"elementor-element elementor-element-74eb1dc elementor-widget__width-inherit elementor-widget elementor-widget-text-editor\" data-id=\"74eb1dc\" data-element_type=\"widget\" data-e-type=\"widget\" data-widget_type=\"text-editor.default\">\n\t\t\t\t<div class=\"elementor-widget-container\">\n\t\t\t\t\t\t\t\t\t<p>Toshitsugu Takamatsu foi um mestre de artes marciais japon\u00eas do s\u00e9culo XX, conhecido principalmente por ser o \u00faltimo mestre leg\u00edtimo de diversas tradi\u00e7\u00f5es de Ninjutsu e outras artes marciais antigas. Nascido em 1887, Takamatsu foi treinado desde jovem em v\u00e1rias disciplinas de combate por mestres renomados.<\/p><p>Ele \u00e9 mais conhecido por sua conex\u00e3o com o Togakure Ryu, uma das principais Escolas de Ninjutsu, da qual ele era o 33\u00ba e \u00faltimo mestre heredit\u00e1rio. Takamatsu tamb\u00e9m foi mestre de outras tradi\u00e7\u00f5es de artes marciais, como Kukishin Ryu, Gyokko Ryu, Koto Ryu e Shinden Fudo Ryu, entre outras.<\/p><p>Takamatsu ganhou reputa\u00e7\u00e3o n\u00e3o apenas por sua habilidade excepcional nas artes marciais, mas tamb\u00e9m por sua compreens\u00e3o profunda das tradi\u00e7\u00f5es e filosofias por tr\u00e1s delas. Ele era conhecido por ensinar n\u00e3o apenas as t\u00e9cnicas f\u00edsicas, mas tamb\u00e9m os princ\u00edpios mentais e espirituais subjacentes.<\/p><p>Ap\u00f3s a sua morte em 1972, o seu legado foi transmitido para o seu estudante, Masaaki Hatsumi, que fundou a organiza\u00e7\u00e3o Bujinkan e continuou a ensinar as tradi\u00e7\u00f5es de Takamatsu para os praticantes de artes marciais em todo o mundo. Takamatsu \u00e9 lembrado como um dos \u00faltimos guardi\u00f5es das antigas tradi\u00e7\u00f5es marciais japonesas e sua influ\u00eancia continua a ser sentida na comunidade de artes marciais at\u00e9 os dias de hoje.<\/p>\t\t\t\t\t\t\t\t<\/div>\n\t\t\t\t<\/div>\n\t\t\t\t<\/div>\n\t\t\t\t<\/div>\n\t\t<div class=\"elementor-element elementor-element-1aa8f63 e-con-full e-flex e-con e-parent\" data-id=\"1aa8f63\" data-element_type=\"container\" data-e-type=\"container\">\n\t\t\t\t<div class=\"elementor-element elementor-element-fb4eb02 elementor-widget elementor-widget-text-editor\" data-id=\"fb4eb02\" data-element_type=\"widget\" data-e-type=\"widget\" data-widget_type=\"text-editor.default\">\n\t\t\t\t<div class=\"elementor-widget-container\">\n\t\t\t\t\t\t\t\t\t<p>Ap\u00f3s a morte de Toshitsugu Takamatsu em 1972, seu legado foi transmitido para seu estudante mais proeminente, Masaaki Hatsumi.<\/p><p>Hatsumi foi designado como o herdeiro das tradi\u00e7\u00f5es de Takamatsu e tornou-se o l\u00edder da Escola Bujinkan, fundada por ele para preservar e ensinar as artes marciais tradicionais japonesas, incluindo o Ninjutsu.<\/p><p>Masaaki Hatsumi expandiu significativamente o alcance das tradi\u00e7\u00f5es ensinadas por Takamatsu ao abrir as portas da Bujinkan para estudantes de todo o mundo. Ele viajou extensivamente, ensinando semin\u00e1rios e compartilhando seu conhecimento com praticantes de artes marciais de todas as nacionalidades. Sua abordagem n\u00e3o apenas enfatizou as habilidades f\u00edsicas, mas tamb\u00e9m os aspectos espirituais e filos\u00f3ficos das artes marciais.<\/p><p>Atrav\u00e9s do Bujinkan e de seus esfor\u00e7os para disseminar as tradi\u00e7\u00f5es de Takamatsu, Hatsumi ajudou a manter viva a rica heran\u00e7a do Ninjutsu e de outras artes marciais japonesas para as gera\u00e7\u00f5es futuras. Ele tamb\u00e9m escreveu v\u00e1rios livros sobre Ninjutsu e artes marciais, compartilhando sua compreens\u00e3o das t\u00e9cnicas e princ\u00edpios subjacentes.<\/p><p>Hoje, a Bujinkan continua sendo uma das principais organiza\u00e7\u00f5es dedicadas ao ensino do Ninjutsu e de outras artes marciais tradicionais, com milhares de praticantes em todo o mundo. O legado de Toshitsugu Takamatsu vive n\u00e3o apenas nas t\u00e9cnicas e tradi\u00e7\u00f5es ensinadas, mas tamb\u00e9m na filosofia e na \u00e9tica transmitidas por seus estudantes e seguidores, continuando a inspirar e influenciar as pessoas interessadas nas artes marciais japonesas.<\/p>\t\t\t\t\t\t\t\t<\/div>\n\t\t\t\t<\/div>\n\t\t\t\t<\/div>\n\t\t\t\t<\/div>\n\t\t","protected":false},"excerpt":{"rendered":"<p>Toshitsugu Takamatsu foi um mestre de artes marciais japon\u00eas do s\u00e9culo XX, conhecido principalmente por ser o \u00faltimo mestre leg\u00edtimo de diversas tradi\u00e7\u00f5es de Ninjutsu e outras artes marciais antigas. Nascido em 1887, Takamatsu foi treinado desde jovem em v\u00e1rias disciplinas de combate por mestres renomados. Ele \u00e9 mais conhecido por sua conex\u00e3o com o [&hellip;]<\/p>\n","protected":false},"author":32,"featured_media":0,"parent":0,"menu_order":0,"comment_status":"closed","ping_status":"closed","template":"elementor_header_footer","meta":{"footnotes":""},"class_list":["post-2608","page","type-page","status-publish","hentry"],"yoast_head":"<!-- This site is optimized with the Yoast SEO Premium plugin v24.1 (Yoast SEO v27.5) - https:\/\/yoast.com\/product\/yoast-seo-premium-wordpress\/ -->\n<title>Takamatsu Soke - Nenriki Dojo<\/title>\n<meta name=\"robots\" content=\"index, follow, max-snippet:-1, max-image-preview:large, max-video-preview:-1\" \/>\n<link rel=\"canonical\" href=\"https:\/\/nenrikidojo.com.br\/site\/takamatsu-soke\/\" \/>\n<meta property=\"og:locale\" content=\"pt_BR\" \/>\n<meta property=\"og:type\" content=\"article\" \/>\n<meta property=\"og:title\" content=\"Takamatsu Soke\" \/>\n<meta property=\"og:description\" content=\"Toshitsugu Takamatsu foi um mestre de artes marciais japon\u00eas do s\u00e9culo XX, conhecido principalmente por ser o \u00faltimo mestre leg\u00edtimo de diversas tradi\u00e7\u00f5es de Ninjutsu e outras artes marciais antigas. Nascido em 1887, Takamatsu foi treinado desde jovem em v\u00e1rias disciplinas de combate por mestres renomados. Ele \u00e9 mais conhecido por sua conex\u00e3o com o [&hellip;]\" \/>\n<meta property=\"og:url\" content=\"https:\/\/nenrikidojo.com.br\/site\/takamatsu-soke\/\" \/>\n<meta property=\"og:site_name\" content=\"Nenriki Dojo\" \/>\n<meta property=\"article:publisher\" content=\"https:\/\/www.facebook.com\/nenrikidojo\/\" \/>\n<meta property=\"article:modified_time\" content=\"2025-01-07T19:08:02+00:00\" \/>\n<meta property=\"og:image\" content=\"https:\/\/nenrikidojo.com.br\/site\/wp-content\/uploads\/2025\/01\/Nenriki-Dojo-Takamatsu-Soke.png\" \/>\n<meta name=\"twitter:card\" content=\"summary_large_image\" \/>\n<meta name=\"twitter:label1\" content=\"Est. tempo de leitura\" \/>\n\t<meta name=\"twitter:data1\" content=\"3 minutos\" \/>\n<script type=\"application\/ld+json\" class=\"yoast-schema-graph\">{\"@context\":\"https:\\\/\\\/schema.org\",\"@graph\":[{\"@type\":\"WebPage\",\"@id\":\"https:\\\/\\\/nenrikidojo.com.br\\\/site\\\/takamatsu-soke\\\/\",\"url\":\"https:\\\/\\\/nenrikidojo.com.br\\\/site\\\/takamatsu-soke\\\/\",\"name\":\"Takamatsu Soke - Nenriki Dojo\",\"isPartOf\":{\"@id\":\"https:\\\/\\\/nenrikidojo.com.br\\\/site\\\/#website\"},\"primaryImageOfPage\":{\"@id\":\"https:\\\/\\\/nenrikidojo.com.br\\\/site\\\/takamatsu-soke\\\/#primaryimage\"},\"image\":{\"@id\":\"https:\\\/\\\/nenrikidojo.com.br\\\/site\\\/takamatsu-soke\\\/#primaryimage\"},\"thumbnailUrl\":\"https:\\\/\\\/nenrikidojo.com.br\\\/site\\\/wp-content\\\/uploads\\\/2025\\\/01\\\/Nenriki-Dojo-Takamatsu-Soke.png\",\"datePublished\":\"2025-01-07T16:36:21+00:00\",\"dateModified\":\"2025-01-07T19:08:02+00:00\",\"breadcrumb\":{\"@id\":\"https:\\\/\\\/nenrikidojo.com.br\\\/site\\\/takamatsu-soke\\\/#breadcrumb\"},\"inLanguage\":\"pt-BR\",\"potentialAction\":[{\"@type\":\"ReadAction\",\"target\":[\"https:\\\/\\\/nenrikidojo.com.br\\\/site\\\/takamatsu-soke\\\/\"]}]},{\"@type\":\"ImageObject\",\"inLanguage\":\"pt-BR\",\"@id\":\"https:\\\/\\\/nenrikidojo.com.br\\\/site\\\/takamatsu-soke\\\/#primaryimage\",\"url\":\"https:\\\/\\\/nenrikidojo.com.br\\\/site\\\/wp-content\\\/uploads\\\/2025\\\/01\\\/Nenriki-Dojo-Takamatsu-Soke.png\",\"contentUrl\":\"https:\\\/\\\/nenrikidojo.com.br\\\/site\\\/wp-content\\\/uploads\\\/2025\\\/01\\\/Nenriki-Dojo-Takamatsu-Soke.png\",\"width\":671,\"height\":91},{\"@type\":\"BreadcrumbList\",\"@id\":\"https:\\\/\\\/nenrikidojo.com.br\\\/site\\\/takamatsu-soke\\\/#breadcrumb\",\"itemListElement\":[{\"@type\":\"ListItem\",\"position\":1,\"name\":\"In\u00edcio\",\"item\":\"https:\\\/\\\/nenrikidojo.com.br\\\/site\\\/\"},{\"@type\":\"ListItem\",\"position\":2,\"name\":\"Takamatsu Soke\"}]},{\"@type\":\"WebSite\",\"@id\":\"https:\\\/\\\/nenrikidojo.com.br\\\/site\\\/#website\",\"url\":\"https:\\\/\\\/nenrikidojo.com.br\\\/site\\\/\",\"name\":\"NENRIKI DOJO - NINJUTSU - AIKIBUDO JUJUTSU - BUJINKAN - BILL SENSEI\",\"description\":\"ESCOLA TRADICIONAL DE NINJUTSU, ARTE MARCIAL NINJA, SAMURAI E DEFESA PESSOAL. RECONHECIMENTO INTERNACIONAL PELO JAP\u00c3O.\",\"publisher\":{\"@id\":\"https:\\\/\\\/nenrikidojo.com.br\\\/site\\\/#organization\"},\"alternateName\":\"Nenriki Dojo\",\"potentialAction\":[{\"@type\":\"SearchAction\",\"target\":{\"@type\":\"EntryPoint\",\"urlTemplate\":\"https:\\\/\\\/nenrikidojo.com.br\\\/site\\\/?s={search_term_string}\"},\"query-input\":{\"@type\":\"PropertyValueSpecification\",\"valueRequired\":true,\"valueName\":\"search_term_string\"}}],\"inLanguage\":\"pt-BR\"},{\"@type\":\"Organization\",\"@id\":\"https:\\\/\\\/nenrikidojo.com.br\\\/site\\\/#organization\",\"name\":\"NENRIKI DOJO - NINJUTSU - AIKIBUDO JUJUTSU - BUJINKAN - BILL SENSEI\",\"alternateName\":\"Nenriki Dojo\",\"url\":\"https:\\\/\\\/nenrikidojo.com.br\\\/site\\\/\",\"logo\":{\"@type\":\"ImageObject\",\"inLanguage\":\"pt-BR\",\"@id\":\"https:\\\/\\\/nenrikidojo.com.br\\\/site\\\/#\\\/schema\\\/logo\\\/image\\\/\",\"url\":\"https:\\\/\\\/nenrikidojo.com.br\\\/site\\\/wp-content\\\/uploads\\\/2025\\\/01\\\/Logo-Nenriki-Dojo-Colorido.png\",\"contentUrl\":\"https:\\\/\\\/nenrikidojo.com.br\\\/site\\\/wp-content\\\/uploads\\\/2025\\\/01\\\/Logo-Nenriki-Dojo-Colorido.png\",\"width\":2108,\"height\":1989,\"caption\":\"NENRIKI DOJO - NINJUTSU - AIKIBUDO JUJUTSU - BUJINKAN - BILL SENSEI\"},\"image\":{\"@id\":\"https:\\\/\\\/nenrikidojo.com.br\\\/site\\\/#\\\/schema\\\/logo\\\/image\\\/\"},\"sameAs\":[\"https:\\\/\\\/www.facebook.com\\\/nenrikidojo\\\/\",\"https:\\\/\\\/www.instagram.com\\\/nenrikidojo\\\/\",\"https:\\\/\\\/www.youtube.com\\\/c\\\/NenrikiDojo\"],\"description\":\"A Nenriki Dojo \u00e9 uma Escola de renome no cen\u00e1rio das artes marciais, especialmente no que diz respeito \u00e0s tradi\u00e7\u00f5es Ninja e Samurai no Brasil. Nosso compromisso primordial \u00e9 preservar, difundir e cultivar a rica cultura japonesa presente no Bugei e no Budo em sua forma mais aut\u00eantica e s\u00f3lida.\",\"email\":\"contato@nenrikidojo.com.br\",\"telephone\":\"11933207474\",\"legalName\":\"Nenriki Dojo\",\"foundingDate\":\"1995-05-03\"}]}<\/script>\n<!-- \/ Yoast SEO Premium plugin. -->","yoast_head_json":{"title":"Takamatsu Soke - Nenriki Dojo","robots":{"index":"index","follow":"follow","max-snippet":"max-snippet:-1","max-image-preview":"max-image-preview:large","max-video-preview":"max-video-preview:-1"},"canonical":"https:\/\/nenrikidojo.com.br\/site\/takamatsu-soke\/","og_locale":"pt_BR","og_type":"article","og_title":"Takamatsu Soke","og_description":"Toshitsugu Takamatsu foi um mestre de artes marciais japon\u00eas do s\u00e9culo XX, conhecido principalmente por ser o \u00faltimo mestre leg\u00edtimo de diversas tradi\u00e7\u00f5es de Ninjutsu e outras artes marciais antigas. Nascido em 1887, Takamatsu foi treinado desde jovem em v\u00e1rias disciplinas de combate por mestres renomados. Ele \u00e9 mais conhecido por sua conex\u00e3o com o [&hellip;]","og_url":"https:\/\/nenrikidojo.com.br\/site\/takamatsu-soke\/","og_site_name":"Nenriki Dojo","article_publisher":"https:\/\/www.facebook.com\/nenrikidojo\/","article_modified_time":"2025-01-07T19:08:02+00:00","og_image":[{"url":"https:\/\/nenrikidojo.com.br\/site\/wp-content\/uploads\/2025\/01\/Nenriki-Dojo-Takamatsu-Soke.png","type":"","width":"","height":""}],"twitter_card":"summary_large_image","twitter_misc":{"Est. tempo de leitura":"3 minutos"},"schema":{"@context":"https:\/\/schema.org","@graph":[{"@type":"WebPage","@id":"https:\/\/nenrikidojo.com.br\/site\/takamatsu-soke\/","url":"https:\/\/nenrikidojo.com.br\/site\/takamatsu-soke\/","name":"Takamatsu Soke - Nenriki Dojo","isPartOf":{"@id":"https:\/\/nenrikidojo.com.br\/site\/#website"},"primaryImageOfPage":{"@id":"https:\/\/nenrikidojo.com.br\/site\/takamatsu-soke\/#primaryimage"},"image":{"@id":"https:\/\/nenrikidojo.com.br\/site\/takamatsu-soke\/#primaryimage"},"thumbnailUrl":"https:\/\/nenrikidojo.com.br\/site\/wp-content\/uploads\/2025\/01\/Nenriki-Dojo-Takamatsu-Soke.png","datePublished":"2025-01-07T16:36:21+00:00","dateModified":"2025-01-07T19:08:02+00:00","breadcrumb":{"@id":"https:\/\/nenrikidojo.com.br\/site\/takamatsu-soke\/#breadcrumb"},"inLanguage":"pt-BR","potentialAction":[{"@type":"ReadAction","target":["https:\/\/nenrikidojo.com.br\/site\/takamatsu-soke\/"]}]},{"@type":"ImageObject","inLanguage":"pt-BR","@id":"https:\/\/nenrikidojo.com.br\/site\/takamatsu-soke\/#primaryimage","url":"https:\/\/nenrikidojo.com.br\/site\/wp-content\/uploads\/2025\/01\/Nenriki-Dojo-Takamatsu-Soke.png","contentUrl":"https:\/\/nenrikidojo.com.br\/site\/wp-content\/uploads\/2025\/01\/Nenriki-Dojo-Takamatsu-Soke.png","width":671,"height":91},{"@type":"BreadcrumbList","@id":"https:\/\/nenrikidojo.com.br\/site\/takamatsu-soke\/#breadcrumb","itemListElement":[{"@type":"ListItem","position":1,"name":"In\u00edcio","item":"https:\/\/nenrikidojo.com.br\/site\/"},{"@type":"ListItem","position":2,"name":"Takamatsu Soke"}]},{"@type":"WebSite","@id":"https:\/\/nenrikidojo.com.br\/site\/#website","url":"https:\/\/nenrikidojo.com.br\/site\/","name":"NENRIKI DOJO - NINJUTSU - AIKIBUDO JUJUTSU - BUJINKAN - BILL SENSEI","description":"ESCOLA TRADICIONAL DE NINJUTSU, ARTE MARCIAL NINJA, SAMURAI E DEFESA PESSOAL. RECONHECIMENTO INTERNACIONAL PELO JAP\u00c3O.","publisher":{"@id":"https:\/\/nenrikidojo.com.br\/site\/#organization"},"alternateName":"Nenriki Dojo","potentialAction":[{"@type":"SearchAction","target":{"@type":"EntryPoint","urlTemplate":"https:\/\/nenrikidojo.com.br\/site\/?s={search_term_string}"},"query-input":{"@type":"PropertyValueSpecification","valueRequired":true,"valueName":"search_term_string"}}],"inLanguage":"pt-BR"},{"@type":"Organization","@id":"https:\/\/nenrikidojo.com.br\/site\/#organization","name":"NENRIKI DOJO - NINJUTSU - AIKIBUDO JUJUTSU - BUJINKAN - BILL SENSEI","alternateName":"Nenriki Dojo","url":"https:\/\/nenrikidojo.com.br\/site\/","logo":{"@type":"ImageObject","inLanguage":"pt-BR","@id":"https:\/\/nenrikidojo.com.br\/site\/#\/schema\/logo\/image\/","url":"https:\/\/nenrikidojo.com.br\/site\/wp-content\/uploads\/2025\/01\/Logo-Nenriki-Dojo-Colorido.png","contentUrl":"https:\/\/nenrikidojo.com.br\/site\/wp-content\/uploads\/2025\/01\/Logo-Nenriki-Dojo-Colorido.png","width":2108,"height":1989,"caption":"NENRIKI DOJO - NINJUTSU - AIKIBUDO JUJUTSU - BUJINKAN - BILL SENSEI"},"image":{"@id":"https:\/\/nenrikidojo.com.br\/site\/#\/schema\/logo\/image\/"},"sameAs":["https:\/\/www.facebook.com\/nenrikidojo\/","https:\/\/www.instagram.com\/nenrikidojo\/","https:\/\/www.youtube.com\/c\/NenrikiDojo"],"description":"A Nenriki Dojo \u00e9 uma Escola de renome no cen\u00e1rio das artes marciais, especialmente no que diz respeito \u00e0s tradi\u00e7\u00f5es Ninja e Samurai no Brasil. Nosso compromisso primordial \u00e9 preservar, difundir e cultivar a rica cultura japonesa presente no Bugei e no Budo em sua forma mais aut\u00eantica e s\u00f3lida.","email":"contato@nenrikidojo.com.br","telephone":"11933207474","legalName":"Nenriki Dojo","foundingDate":"1995-05-03"}]}},"_links":{"self":[{"href":"https:\/\/nenrikidojo.com.br\/site\/wp-json\/wp\/v2\/pages\/2608","targetHints":{"allow":["GET"]}}],"collection":[{"href":"https:\/\/nenrikidojo.com.br\/site\/wp-json\/wp\/v2\/pages"}],"about":[{"href":"https:\/\/nenrikidojo.com.br\/site\/wp-json\/wp\/v2\/types\/page"}],"author":[{"embeddable":true,"href":"https:\/\/nenrikidojo.com.br\/site\/wp-json\/wp\/v2\/users\/32"}],"replies":[{"embeddable":true,"href":"https:\/\/nenrikidojo.com.br\/site\/wp-json\/wp\/v2\/comments?post=2608"}],"version-history":[{"count":5,"href":"https:\/\/nenrikidojo.com.br\/site\/wp-json\/wp\/v2\/pages\/2608\/revisions"}],"predecessor-version":[{"id":2615,"href":"https:\/\/nenrikidojo.com.br\/site\/wp-json\/wp\/v2\/pages\/2608\/revisions\/2615"}],"wp:attachment":[{"href":"https:\/\/nenrikidojo.com.br\/site\/wp-json\/wp\/v2\/media?parent=2608"}],"curies":[{"name":"wp","href":"https:\/\/api.w.org\/{rel}","templated":true}]}}