{"id":2637,"date":"2025-01-08T12:00:11","date_gmt":"2025-01-08T15:00:11","guid":{"rendered":"https:\/\/nenrikidojo.com.br\/site\/?page_id=2637"},"modified":"2025-01-28T11:34:04","modified_gmt":"2025-01-28T14:34:04","slug":"treinamento-marcial","status":"publish","type":"page","link":"https:\/\/nenrikidojo.com.br\/site\/treinamento-marcial\/","title":{"rendered":"Treinamento marcial"},"content":{"rendered":"\t\t<div data-elementor-type=\"wp-page\" data-elementor-id=\"2637\" class=\"elementor elementor-2637\" data-elementor-settings=\"{&quot;element_pack_global_tooltip_width&quot;:{&quot;unit&quot;:&quot;px&quot;,&quot;size&quot;:&quot;&quot;,&quot;sizes&quot;:[]},&quot;element_pack_global_tooltip_width_widescreen&quot;:{&quot;unit&quot;:&quot;px&quot;,&quot;size&quot;:&quot;&quot;,&quot;sizes&quot;:[]},&quot;element_pack_global_tooltip_width_laptop&quot;:{&quot;unit&quot;:&quot;px&quot;,&quot;size&quot;:&quot;&quot;,&quot;sizes&quot;:[]},&quot;element_pack_global_tooltip_width_tablet_extra&quot;:{&quot;unit&quot;:&quot;px&quot;,&quot;size&quot;:&quot;&quot;,&quot;sizes&quot;:[]},&quot;element_pack_global_tooltip_width_tablet&quot;:{&quot;unit&quot;:&quot;px&quot;,&quot;size&quot;:&quot;&quot;,&quot;sizes&quot;:[]},&quot;element_pack_global_tooltip_width_mobile&quot;:{&quot;unit&quot;:&quot;px&quot;,&quot;size&quot;:&quot;&quot;,&quot;sizes&quot;:[]},&quot;element_pack_global_tooltip_padding&quot;:{&quot;unit&quot;:&quot;px&quot;,&quot;top&quot;:&quot;&quot;,&quot;right&quot;:&quot;&quot;,&quot;bottom&quot;:&quot;&quot;,&quot;left&quot;:&quot;&quot;,&quot;isLinked&quot;:true},&quot;element_pack_global_tooltip_padding_widescreen&quot;:{&quot;unit&quot;:&quot;px&quot;,&quot;top&quot;:&quot;&quot;,&quot;right&quot;:&quot;&quot;,&quot;bottom&quot;:&quot;&quot;,&quot;left&quot;:&quot;&quot;,&quot;isLinked&quot;:true},&quot;element_pack_global_tooltip_padding_laptop&quot;:{&quot;unit&quot;:&quot;px&quot;,&quot;top&quot;:&quot;&quot;,&quot;right&quot;:&quot;&quot;,&quot;bottom&quot;:&quot;&quot;,&quot;left&quot;:&quot;&quot;,&quot;isLinked&quot;:true},&quot;element_pack_global_tooltip_padding_tablet_extra&quot;:{&quot;unit&quot;:&quot;px&quot;,&quot;top&quot;:&quot;&quot;,&quot;right&quot;:&quot;&quot;,&quot;bottom&quot;:&quot;&quot;,&quot;left&quot;:&quot;&quot;,&quot;isLinked&quot;:true},&quot;element_pack_global_tooltip_padding_tablet&quot;:{&quot;unit&quot;:&quot;px&quot;,&quot;top&quot;:&quot;&quot;,&quot;right&quot;:&quot;&quot;,&quot;bottom&quot;:&quot;&quot;,&quot;left&quot;:&quot;&quot;,&quot;isLinked&quot;:true},&quot;element_pack_global_tooltip_padding_mobile&quot;:{&quot;unit&quot;:&quot;px&quot;,&quot;top&quot;:&quot;&quot;,&quot;right&quot;:&quot;&quot;,&quot;bottom&quot;:&quot;&quot;,&quot;left&quot;:&quot;&quot;,&quot;isLinked&quot;:true},&quot;element_pack_global_tooltip_border_radius&quot;:{&quot;unit&quot;:&quot;px&quot;,&quot;top&quot;:&quot;&quot;,&quot;right&quot;:&quot;&quot;,&quot;bottom&quot;:&quot;&quot;,&quot;left&quot;:&quot;&quot;,&quot;isLinked&quot;:true},&quot;element_pack_global_tooltip_border_radius_widescreen&quot;:{&quot;unit&quot;:&quot;px&quot;,&quot;top&quot;:&quot;&quot;,&quot;right&quot;:&quot;&quot;,&quot;bottom&quot;:&quot;&quot;,&quot;left&quot;:&quot;&quot;,&quot;isLinked&quot;:true},&quot;element_pack_global_tooltip_border_radius_laptop&quot;:{&quot;unit&quot;:&quot;px&quot;,&quot;top&quot;:&quot;&quot;,&quot;right&quot;:&quot;&quot;,&quot;bottom&quot;:&quot;&quot;,&quot;left&quot;:&quot;&quot;,&quot;isLinked&quot;:true},&quot;element_pack_global_tooltip_border_radius_tablet_extra&quot;:{&quot;unit&quot;:&quot;px&quot;,&quot;top&quot;:&quot;&quot;,&quot;right&quot;:&quot;&quot;,&quot;bottom&quot;:&quot;&quot;,&quot;left&quot;:&quot;&quot;,&quot;isLinked&quot;:true},&quot;element_pack_global_tooltip_border_radius_tablet&quot;:{&quot;unit&quot;:&quot;px&quot;,&quot;top&quot;:&quot;&quot;,&quot;right&quot;:&quot;&quot;,&quot;bottom&quot;:&quot;&quot;,&quot;left&quot;:&quot;&quot;,&quot;isLinked&quot;:true},&quot;element_pack_global_tooltip_border_radius_mobile&quot;:{&quot;unit&quot;:&quot;px&quot;,&quot;top&quot;:&quot;&quot;,&quot;right&quot;:&quot;&quot;,&quot;bottom&quot;:&quot;&quot;,&quot;left&quot;:&quot;&quot;,&quot;isLinked&quot;:true}}\" data-elementor-post-type=\"page\">\n\t\t\t\t<div class=\"elementor-element elementor-element-2e2b305 e-flex e-con-boxed e-con e-parent\" data-id=\"2e2b305\" data-element_type=\"container\" data-e-type=\"container\">\n\t\t\t\t\t<div class=\"e-con-inner\">\n\t\t\t\t<div class=\"elementor-element elementor-element-77cfe89 elementor-widget elementor-widget-image\" data-id=\"77cfe89\" data-element_type=\"widget\" data-e-type=\"widget\" data-widget_type=\"image.default\">\n\t\t\t\t<div class=\"elementor-widget-container\">\n\t\t\t\t\t\t\t\t\t\t\t\t\t\t\t<img fetchpriority=\"high\" decoding=\"async\" width=\"671\" height=\"91\" src=\"https:\/\/nenrikidojo.com.br\/site\/wp-content\/uploads\/2025\/01\/Nenriki-Dojo-Treinamento-marcial.png\" class=\"attachment-large size-large wp-image-2639\" alt=\"\" srcset=\"https:\/\/nenrikidojo.com.br\/site\/wp-content\/uploads\/2025\/01\/Nenriki-Dojo-Treinamento-marcial.png 671w, https:\/\/nenrikidojo.com.br\/site\/wp-content\/uploads\/2025\/01\/Nenriki-Dojo-Treinamento-marcial-300x41.png 300w, https:\/\/nenrikidojo.com.br\/site\/wp-content\/uploads\/2025\/01\/Nenriki-Dojo-Treinamento-marcial-650x88.png 650w, https:\/\/nenrikidojo.com.br\/site\/wp-content\/uploads\/2025\/01\/Nenriki-Dojo-Treinamento-marcial-310x42.png 310w, https:\/\/nenrikidojo.com.br\/site\/wp-content\/uploads\/2025\/01\/Nenriki-Dojo-Treinamento-marcial-150x20.png 150w\" sizes=\"(max-width: 671px) 100vw, 671px\" \/>\t\t\t\t\t\t\t\t\t\t\t\t\t\t\t<\/div>\n\t\t\t\t<\/div>\n\t\t\t\t\t<\/div>\n\t\t\t\t<\/div>\n\t\t<div class=\"elementor-element elementor-element-50bfea1 e-con-full e-flex e-con e-parent\" data-id=\"50bfea1\" data-element_type=\"container\" data-e-type=\"container\">\n\t\t\t\t<div class=\"elementor-element elementor-element-fe859a1 elementor-widget elementor-widget-text-editor\" data-id=\"fe859a1\" data-element_type=\"widget\" data-e-type=\"widget\" data-widget_type=\"text-editor.default\">\n\t\t\t\t<div class=\"elementor-widget-container\">\n\t\t\t\t\t\t\t\t\t<p>As artes marciais t\u00eam uma longa hist\u00f3ria que remonta a tempos antigos, onde eram praticadas n\u00e3o apenas como formas de combate, mas tamb\u00e9m como caminhos espirituais e filos\u00f3ficos para o desenvolvimento pessoal. Hoje, essas disciplinas continuam a exercer um grande fasc\u00ednio sobre pessoas de todas as idades, culturas e origens. Os treinamentos nas artes marciais n\u00e3o se limitam apenas \u00e0 t\u00e9cnica de luta, mas abrangem uma variedade de aspectos f\u00edsicos, mentais e espirituais que podem transformar vidas.<\/p><p>Um dos aspectos mais valorizados nas artes marciais \u00e9 a disciplina. Desde o primeiro dia de treino, os praticantes s\u00e3o ensinados a respeitar seus mestres, colegas e a si mesmos. A disciplina \u00e9 cultivada atrav\u00e9s da repeti\u00e7\u00e3o constante de movimentos, do cumprimento de regras rigorosas e do compromisso com a pr\u00e1tica regular. Essa disciplina se estende para al\u00e9m do tatame ou do Dojo, influenciando positivamente outras \u00e1reas da vida, como os estudos, o trabalho e os relacionamentos.<\/p><p>Nos treinamentos de artes marciais, os praticantes s\u00e3o constantemente desafiados a superar seus limites f\u00edsicos e mentais. Atrav\u00e9s do trabalho \u00e1rduo e da persist\u00eancia, eles aprendem a enfrentar e a transcender obst\u00e1culos, desenvolvendo uma mentalidade resiliente que os prepara para enfrentar os desafios da vida. Cada aula \u00e9 uma oportunidade para crescer e evoluir, seja dominando uma nova t\u00e9cnica, melhorando a resist\u00eancia f\u00edsica ou aprendendo a controlar as emo\u00e7\u00f5es em situa\u00e7\u00f5es de press\u00e3o.<\/p><p>Al\u00e9m dos \u00f3bvios benef\u00edcios f\u00edsicos, como condicionamento cardiovascular, for\u00e7a e flexibilidade, os treinamentos de artes marciais tamb\u00e9m promovem o autoconhecimento e o crescimento pessoal. A pr\u00e1tica constante ajuda os praticantes a desenvolverem uma maior consci\u00eancia de seus corpos, mente e emo\u00e7\u00f5es. Eles aprendem a reconhecer e a lidar com seus medos, inseguran\u00e7as e fraquezas, transformando essas experi\u00eancias em oportunidades de crescimento e fortalecimento interior.<\/p><p>As artes marciais tamb\u00e9m s\u00e3o conhecidas por promoverem um senso profundo de respeito e camaradagem entre os praticantes. Independentemente de idade, sexo, ra\u00e7a ou origem social, todos s\u00e3o iguais no tatame, unidos pelo objetivo comum de autoaperfei\u00e7oamento. Os mestres e colegas mais experientes servem como modelos a serem seguidos, inspirando e orientando aqueles que est\u00e3o come\u00e7ando sua jornada. Essa sensa\u00e7\u00e3o de pertencimento a uma comunidade solid\u00e1ria pode ser incrivelmente poderosa e motivadora.<\/p><p>Os treinamentos de artes marciais tamb\u00e9m ajudam a preservar e promover a rica tradi\u00e7\u00e3o e cultura por tr\u00e1s dessas disciplinas. Muitas artes marciais t\u00eam ra\u00edzes profundas em diferentes pa\u00edses e regi\u00f5es do mundo, carregando consigo valores e ensinamentos transmitidos ao longo de s\u00e9culos. Ao praticar uma arte marcial, os indiv\u00edduos se tornam parte de uma linhagem ancestral, conectando-se com uma hist\u00f3ria e uma sabedoria que transcende o tempo e o espa\u00e7o.<\/p><p>De uma forma geral os treinamentos nas artes marciais oferecem muito mais do que simplesmente aprender a lutar. Eles s\u00e3o uma jornada de autodescoberta, crescimento pessoal e transforma\u00e7\u00e3o que pode enriquecer profundamente a vida de quem se dedica a eles.<\/p>\t\t\t\t\t\t\t\t<\/div>\n\t\t\t\t<\/div>\n\t\t\t\t<\/div>\n\t\t\t\t<\/div>\n\t\t","protected":false},"excerpt":{"rendered":"<p>As artes marciais t\u00eam uma longa hist\u00f3ria que remonta a tempos antigos, onde eram praticadas n\u00e3o apenas como formas de combate, mas tamb\u00e9m como caminhos espirituais e filos\u00f3ficos para o desenvolvimento pessoal. Hoje, essas disciplinas continuam a exercer um grande fasc\u00ednio sobre pessoas de todas as idades, culturas e origens. Os treinamentos nas artes marciais [&hellip;]<\/p>\n","protected":false},"author":32,"featured_media":0,"parent":0,"menu_order":0,"comment_status":"closed","ping_status":"closed","template":"elementor_header_footer","meta":{"footnotes":""},"class_list":["post-2637","page","type-page","status-publish","hentry"],"yoast_head":"<!-- This site is optimized with the Yoast SEO Premium plugin v24.1 (Yoast SEO v27.5) - https:\/\/yoast.com\/product\/yoast-seo-premium-wordpress\/ -->\n<title>Treinamento marcial - Nenriki Dojo<\/title>\n<meta name=\"robots\" content=\"index, follow, max-snippet:-1, max-image-preview:large, max-video-preview:-1\" \/>\n<link rel=\"canonical\" href=\"https:\/\/nenrikidojo.com.br\/site\/treinamento-marcial\/\" \/>\n<meta property=\"og:locale\" content=\"pt_BR\" \/>\n<meta property=\"og:type\" content=\"article\" \/>\n<meta property=\"og:title\" content=\"Treinamento marcial\" \/>\n<meta property=\"og:description\" content=\"As artes marciais t\u00eam uma longa hist\u00f3ria que remonta a tempos antigos, onde eram praticadas n\u00e3o apenas como formas de combate, mas tamb\u00e9m como caminhos espirituais e filos\u00f3ficos para o desenvolvimento pessoal. Hoje, essas disciplinas continuam a exercer um grande fasc\u00ednio sobre pessoas de todas as idades, culturas e origens. Os treinamentos nas artes marciais [&hellip;]\" \/>\n<meta property=\"og:url\" content=\"https:\/\/nenrikidojo.com.br\/site\/treinamento-marcial\/\" \/>\n<meta property=\"og:site_name\" content=\"Nenriki Dojo\" \/>\n<meta property=\"article:publisher\" content=\"https:\/\/www.facebook.com\/nenrikidojo\/\" \/>\n<meta property=\"article:modified_time\" content=\"2025-01-28T14:34:04+00:00\" \/>\n<meta property=\"og:image\" content=\"https:\/\/nenrikidojo.com.br\/site\/wp-content\/uploads\/2025\/01\/Nenriki-Dojo-Treinamento-marcial.png\" \/>\n<meta name=\"twitter:card\" content=\"summary_large_image\" \/>\n<meta name=\"twitter:label1\" content=\"Est. tempo de leitura\" \/>\n\t<meta name=\"twitter:data1\" content=\"3 minutos\" \/>\n<script type=\"application\/ld+json\" class=\"yoast-schema-graph\">{\"@context\":\"https:\\\/\\\/schema.org\",\"@graph\":[{\"@type\":\"WebPage\",\"@id\":\"https:\\\/\\\/nenrikidojo.com.br\\\/site\\\/treinamento-marcial\\\/\",\"url\":\"https:\\\/\\\/nenrikidojo.com.br\\\/site\\\/treinamento-marcial\\\/\",\"name\":\"Treinamento marcial - Nenriki Dojo\",\"isPartOf\":{\"@id\":\"https:\\\/\\\/nenrikidojo.com.br\\\/site\\\/#website\"},\"primaryImageOfPage\":{\"@id\":\"https:\\\/\\\/nenrikidojo.com.br\\\/site\\\/treinamento-marcial\\\/#primaryimage\"},\"image\":{\"@id\":\"https:\\\/\\\/nenrikidojo.com.br\\\/site\\\/treinamento-marcial\\\/#primaryimage\"},\"thumbnailUrl\":\"https:\\\/\\\/nenrikidojo.com.br\\\/site\\\/wp-content\\\/uploads\\\/2025\\\/01\\\/Nenriki-Dojo-Treinamento-marcial.png\",\"datePublished\":\"2025-01-08T15:00:11+00:00\",\"dateModified\":\"2025-01-28T14:34:04+00:00\",\"breadcrumb\":{\"@id\":\"https:\\\/\\\/nenrikidojo.com.br\\\/site\\\/treinamento-marcial\\\/#breadcrumb\"},\"inLanguage\":\"pt-BR\",\"potentialAction\":[{\"@type\":\"ReadAction\",\"target\":[\"https:\\\/\\\/nenrikidojo.com.br\\\/site\\\/treinamento-marcial\\\/\"]}]},{\"@type\":\"ImageObject\",\"inLanguage\":\"pt-BR\",\"@id\":\"https:\\\/\\\/nenrikidojo.com.br\\\/site\\\/treinamento-marcial\\\/#primaryimage\",\"url\":\"https:\\\/\\\/nenrikidojo.com.br\\\/site\\\/wp-content\\\/uploads\\\/2025\\\/01\\\/Nenriki-Dojo-Treinamento-marcial.png\",\"contentUrl\":\"https:\\\/\\\/nenrikidojo.com.br\\\/site\\\/wp-content\\\/uploads\\\/2025\\\/01\\\/Nenriki-Dojo-Treinamento-marcial.png\",\"width\":671,\"height\":91},{\"@type\":\"BreadcrumbList\",\"@id\":\"https:\\\/\\\/nenrikidojo.com.br\\\/site\\\/treinamento-marcial\\\/#breadcrumb\",\"itemListElement\":[{\"@type\":\"ListItem\",\"position\":1,\"name\":\"In\u00edcio\",\"item\":\"https:\\\/\\\/nenrikidojo.com.br\\\/site\\\/\"},{\"@type\":\"ListItem\",\"position\":2,\"name\":\"Treinamento marcial\"}]},{\"@type\":\"WebSite\",\"@id\":\"https:\\\/\\\/nenrikidojo.com.br\\\/site\\\/#website\",\"url\":\"https:\\\/\\\/nenrikidojo.com.br\\\/site\\\/\",\"name\":\"NENRIKI DOJO - NINJUTSU - AIKIBUDO JUJUTSU - BUJINKAN - BILL SENSEI\",\"description\":\"ESCOLA TRADICIONAL DE NINJUTSU, ARTE MARCIAL NINJA, SAMURAI E DEFESA PESSOAL. RECONHECIMENTO INTERNACIONAL PELO JAP\u00c3O.\",\"publisher\":{\"@id\":\"https:\\\/\\\/nenrikidojo.com.br\\\/site\\\/#organization\"},\"alternateName\":\"Nenriki Dojo\",\"potentialAction\":[{\"@type\":\"SearchAction\",\"target\":{\"@type\":\"EntryPoint\",\"urlTemplate\":\"https:\\\/\\\/nenrikidojo.com.br\\\/site\\\/?s={search_term_string}\"},\"query-input\":{\"@type\":\"PropertyValueSpecification\",\"valueRequired\":true,\"valueName\":\"search_term_string\"}}],\"inLanguage\":\"pt-BR\"},{\"@type\":\"Organization\",\"@id\":\"https:\\\/\\\/nenrikidojo.com.br\\\/site\\\/#organization\",\"name\":\"NENRIKI DOJO - NINJUTSU - AIKIBUDO JUJUTSU - BUJINKAN - BILL SENSEI\",\"alternateName\":\"Nenriki Dojo\",\"url\":\"https:\\\/\\\/nenrikidojo.com.br\\\/site\\\/\",\"logo\":{\"@type\":\"ImageObject\",\"inLanguage\":\"pt-BR\",\"@id\":\"https:\\\/\\\/nenrikidojo.com.br\\\/site\\\/#\\\/schema\\\/logo\\\/image\\\/\",\"url\":\"https:\\\/\\\/nenrikidojo.com.br\\\/site\\\/wp-content\\\/uploads\\\/2025\\\/01\\\/Logo-Nenriki-Dojo-Colorido.png\",\"contentUrl\":\"https:\\\/\\\/nenrikidojo.com.br\\\/site\\\/wp-content\\\/uploads\\\/2025\\\/01\\\/Logo-Nenriki-Dojo-Colorido.png\",\"width\":2108,\"height\":1989,\"caption\":\"NENRIKI DOJO - NINJUTSU - AIKIBUDO JUJUTSU - BUJINKAN - BILL SENSEI\"},\"image\":{\"@id\":\"https:\\\/\\\/nenrikidojo.com.br\\\/site\\\/#\\\/schema\\\/logo\\\/image\\\/\"},\"sameAs\":[\"https:\\\/\\\/www.facebook.com\\\/nenrikidojo\\\/\",\"https:\\\/\\\/www.instagram.com\\\/nenrikidojo\\\/\",\"https:\\\/\\\/www.youtube.com\\\/c\\\/NenrikiDojo\"],\"description\":\"A Nenriki Dojo \u00e9 uma Escola de renome no cen\u00e1rio das artes marciais, especialmente no que diz respeito \u00e0s tradi\u00e7\u00f5es Ninja e Samurai no Brasil. Nosso compromisso primordial \u00e9 preservar, difundir e cultivar a rica cultura japonesa presente no Bugei e no Budo em sua forma mais aut\u00eantica e s\u00f3lida.\",\"email\":\"contato@nenrikidojo.com.br\",\"telephone\":\"11933207474\",\"legalName\":\"Nenriki Dojo\",\"foundingDate\":\"1995-05-03\"}]}<\/script>\n<!-- \/ Yoast SEO Premium plugin. -->","yoast_head_json":{"title":"Treinamento marcial - Nenriki Dojo","robots":{"index":"index","follow":"follow","max-snippet":"max-snippet:-1","max-image-preview":"max-image-preview:large","max-video-preview":"max-video-preview:-1"},"canonical":"https:\/\/nenrikidojo.com.br\/site\/treinamento-marcial\/","og_locale":"pt_BR","og_type":"article","og_title":"Treinamento marcial","og_description":"As artes marciais t\u00eam uma longa hist\u00f3ria que remonta a tempos antigos, onde eram praticadas n\u00e3o apenas como formas de combate, mas tamb\u00e9m como caminhos espirituais e filos\u00f3ficos para o desenvolvimento pessoal. Hoje, essas disciplinas continuam a exercer um grande fasc\u00ednio sobre pessoas de todas as idades, culturas e origens. Os treinamentos nas artes marciais [&hellip;]","og_url":"https:\/\/nenrikidojo.com.br\/site\/treinamento-marcial\/","og_site_name":"Nenriki Dojo","article_publisher":"https:\/\/www.facebook.com\/nenrikidojo\/","article_modified_time":"2025-01-28T14:34:04+00:00","og_image":[{"url":"https:\/\/nenrikidojo.com.br\/site\/wp-content\/uploads\/2025\/01\/Nenriki-Dojo-Treinamento-marcial.png","type":"","width":"","height":""}],"twitter_card":"summary_large_image","twitter_misc":{"Est. tempo de leitura":"3 minutos"},"schema":{"@context":"https:\/\/schema.org","@graph":[{"@type":"WebPage","@id":"https:\/\/nenrikidojo.com.br\/site\/treinamento-marcial\/","url":"https:\/\/nenrikidojo.com.br\/site\/treinamento-marcial\/","name":"Treinamento marcial - Nenriki Dojo","isPartOf":{"@id":"https:\/\/nenrikidojo.com.br\/site\/#website"},"primaryImageOfPage":{"@id":"https:\/\/nenrikidojo.com.br\/site\/treinamento-marcial\/#primaryimage"},"image":{"@id":"https:\/\/nenrikidojo.com.br\/site\/treinamento-marcial\/#primaryimage"},"thumbnailUrl":"https:\/\/nenrikidojo.com.br\/site\/wp-content\/uploads\/2025\/01\/Nenriki-Dojo-Treinamento-marcial.png","datePublished":"2025-01-08T15:00:11+00:00","dateModified":"2025-01-28T14:34:04+00:00","breadcrumb":{"@id":"https:\/\/nenrikidojo.com.br\/site\/treinamento-marcial\/#breadcrumb"},"inLanguage":"pt-BR","potentialAction":[{"@type":"ReadAction","target":["https:\/\/nenrikidojo.com.br\/site\/treinamento-marcial\/"]}]},{"@type":"ImageObject","inLanguage":"pt-BR","@id":"https:\/\/nenrikidojo.com.br\/site\/treinamento-marcial\/#primaryimage","url":"https:\/\/nenrikidojo.com.br\/site\/wp-content\/uploads\/2025\/01\/Nenriki-Dojo-Treinamento-marcial.png","contentUrl":"https:\/\/nenrikidojo.com.br\/site\/wp-content\/uploads\/2025\/01\/Nenriki-Dojo-Treinamento-marcial.png","width":671,"height":91},{"@type":"BreadcrumbList","@id":"https:\/\/nenrikidojo.com.br\/site\/treinamento-marcial\/#breadcrumb","itemListElement":[{"@type":"ListItem","position":1,"name":"In\u00edcio","item":"https:\/\/nenrikidojo.com.br\/site\/"},{"@type":"ListItem","position":2,"name":"Treinamento marcial"}]},{"@type":"WebSite","@id":"https:\/\/nenrikidojo.com.br\/site\/#website","url":"https:\/\/nenrikidojo.com.br\/site\/","name":"NENRIKI DOJO - NINJUTSU - AIKIBUDO JUJUTSU - BUJINKAN - BILL SENSEI","description":"ESCOLA TRADICIONAL DE NINJUTSU, ARTE MARCIAL NINJA, SAMURAI E DEFESA PESSOAL. RECONHECIMENTO INTERNACIONAL PELO JAP\u00c3O.","publisher":{"@id":"https:\/\/nenrikidojo.com.br\/site\/#organization"},"alternateName":"Nenriki Dojo","potentialAction":[{"@type":"SearchAction","target":{"@type":"EntryPoint","urlTemplate":"https:\/\/nenrikidojo.com.br\/site\/?s={search_term_string}"},"query-input":{"@type":"PropertyValueSpecification","valueRequired":true,"valueName":"search_term_string"}}],"inLanguage":"pt-BR"},{"@type":"Organization","@id":"https:\/\/nenrikidojo.com.br\/site\/#organization","name":"NENRIKI DOJO - NINJUTSU - AIKIBUDO JUJUTSU - BUJINKAN - BILL SENSEI","alternateName":"Nenriki Dojo","url":"https:\/\/nenrikidojo.com.br\/site\/","logo":{"@type":"ImageObject","inLanguage":"pt-BR","@id":"https:\/\/nenrikidojo.com.br\/site\/#\/schema\/logo\/image\/","url":"https:\/\/nenrikidojo.com.br\/site\/wp-content\/uploads\/2025\/01\/Logo-Nenriki-Dojo-Colorido.png","contentUrl":"https:\/\/nenrikidojo.com.br\/site\/wp-content\/uploads\/2025\/01\/Logo-Nenriki-Dojo-Colorido.png","width":2108,"height":1989,"caption":"NENRIKI DOJO - NINJUTSU - AIKIBUDO JUJUTSU - BUJINKAN - BILL SENSEI"},"image":{"@id":"https:\/\/nenrikidojo.com.br\/site\/#\/schema\/logo\/image\/"},"sameAs":["https:\/\/www.facebook.com\/nenrikidojo\/","https:\/\/www.instagram.com\/nenrikidojo\/","https:\/\/www.youtube.com\/c\/NenrikiDojo"],"description":"A Nenriki Dojo \u00e9 uma Escola de renome no cen\u00e1rio das artes marciais, especialmente no que diz respeito \u00e0s tradi\u00e7\u00f5es Ninja e Samurai no Brasil. Nosso compromisso primordial \u00e9 preservar, difundir e cultivar a rica cultura japonesa presente no Bugei e no Budo em sua forma mais aut\u00eantica e s\u00f3lida.","email":"contato@nenrikidojo.com.br","telephone":"11933207474","legalName":"Nenriki Dojo","foundingDate":"1995-05-03"}]}},"_links":{"self":[{"href":"https:\/\/nenrikidojo.com.br\/site\/wp-json\/wp\/v2\/pages\/2637","targetHints":{"allow":["GET"]}}],"collection":[{"href":"https:\/\/nenrikidojo.com.br\/site\/wp-json\/wp\/v2\/pages"}],"about":[{"href":"https:\/\/nenrikidojo.com.br\/site\/wp-json\/wp\/v2\/types\/page"}],"author":[{"embeddable":true,"href":"https:\/\/nenrikidojo.com.br\/site\/wp-json\/wp\/v2\/users\/32"}],"replies":[{"embeddable":true,"href":"https:\/\/nenrikidojo.com.br\/site\/wp-json\/wp\/v2\/comments?post=2637"}],"version-history":[{"count":5,"href":"https:\/\/nenrikidojo.com.br\/site\/wp-json\/wp\/v2\/pages\/2637\/revisions"}],"predecessor-version":[{"id":2972,"href":"https:\/\/nenrikidojo.com.br\/site\/wp-json\/wp\/v2\/pages\/2637\/revisions\/2972"}],"wp:attachment":[{"href":"https:\/\/nenrikidojo.com.br\/site\/wp-json\/wp\/v2\/media?parent=2637"}],"curies":[{"name":"wp","href":"https:\/\/api.w.org\/{rel}","templated":true}]}}